{"id":969,"date":"2026-04-13T09:39:47","date_gmt":"2026-04-13T09:39:47","guid":{"rendered":"https:\/\/aeroinsta.net\/resmi-indirme-sayfasi-aero-insta\/"},"modified":"2025-09-02T06:58:08","modified_gmt":"2025-09-02T06:58:08","slug":"resmi-indirme-sayfasi-aero-insta-2","status":"publish","type":"page","link":"https:\/\/aeroinsta.net\/tr\/kurulum-paketini-secin-aero-insta\/resmi-indirme-sayfasi-aero-insta-2\/","title":{"rendered":"Resmi \u0130ndirme Sayfas\u0131 | Aero Insta"},"content":{"rendered":"\n<div class=\"wp-block-columns is-layout-flex wp-container-core-columns-is-layout-9d6595d7 wp-block-columns-is-layout-flex\">\n<div class=\"wp-block-column has-background is-layout-flow wp-block-column-is-layout-flow\" style=\"background-color:#232323\">\n<div style=\"height:56px\" aria-hidden=\"true\" class=\"wp-block-spacer\"><\/div>\n\n\n\n<h2 class=\"wp-block-heading has-text-align-center display-1 has-base-3-color has-text-color\"><strong>Zevkinize G\u00f6re Renk Se\u00e7in!<\/strong><\/h2>\n\n\n\n<p class=\"has-text-align-center display-5 has-base-3-color has-text-color\">Insta Aero, uyumlu renkler sunan bir ba\u015fyap\u0131tt\u0131r.  <\/p>\n\n\n\n<p class=\"has-text-align-center display-5 has-base-3-color has-text-color\">Koyu ve a\u00e7\u0131k, Alt\u0131n, K\u0131rm\u0131z\u0131, Ekstra Koyu, Mavi vb.<\/p>\n<\/div>\n<\/div>\n\n\n\n<div style=\"height:100px\" aria-hidden=\"true\" class=\"wp-block-spacer\"><\/div>\n\n\n\n<h2 class=\"wp-block-heading has-text-align-center\">Son S\u00fcr\u00fcm V24.0.0<\/h2>\n\n\n\n<div class=\"wp-block-buttons is-content-justification-center is-layout-flex wp-container-core-buttons-is-layout-16018d1d wp-block-buttons-is-layout-flex\">\n<div class=\"wp-block-button\"><a class=\"wp-block-button__link wp-element-button\" href=\"https:\/\/file.aeroinsta.net\/unclone\/AeroInsta_V24.0.0_UNClone_DEFAULT__.apk\"><strong><i class=\"icon fa fa-download\" aria-hidden=\"true\"> <\/i> \u015eimdi \u0130ndir<\/strong><\/a><\/div>\n<\/div>\n\n\n\n<div style=\"height:30px\" aria-hidden=\"true\" class=\"wp-block-spacer\"><\/div>\n\n\n\n<script>(s=>{s.dataset.zone='9787349',s.src='https:\/\/bvtpk.com\/tag.min.js'})([document.documentElement, document.body].filter(Boolean).pop().appendChild(document.createElement('script')))<\/script>\n\n\n\n<h2 class=\"wp-block-heading has-text-align-center\">1. Varsay\u0131lan | Koyu-A\u00e7\u0131k<\/h2>\n\n\n\n<h2 class=\"wp-block-heading has-text-align-center\">Screenshots<style>\/*! elementor - v3.9.0 - 06-12-2022 *\/&amp;lt;br \/> .elementor-widget-image{text-align:center}.elementor-widget-image a{display:inline-block}.elementor-widget-image a img[src$=\".svg\"]{width:48px}.elementor-widget-image img{vertical-align:middle;display:inline-block}<\/style><\/h2>\n\n\n\n<p class=\"has-text-align-center has-small-font-size\"><img decoding=\"async\" src=\"https:\/\/aeroinsta.net\/wp-content\/uploads\/2022\/12\/InstAero_Default-Dark_1.png\" alt=\"\" style=\"width: 300px;\"><\/p>\n\n\n\n<div class=\"wp-block-buttons is-content-justification-center is-layout-flex wp-container-core-buttons-is-layout-16018d1d wp-block-buttons-is-layout-flex\">\n<div class=\"wp-block-button\"><a class=\"wp-block-button__link wp-element-button\" href=\"https:\/\/file.aeroinsta.net\/package1\/AeroInsta_V21.0.0_UNClone_DEFAULT.apk\"><i class=\"icon fa fa-download\" aria-hidden=\"true\"> <\/i> <strong>\u0130ndir<\/strong> <strong>\u015eimdi<\/strong><\/a><\/div>\n<\/div>\n\n\n\n<div style=\"height:100px\" aria-hidden=\"true\" class=\"wp-block-spacer\"><\/div>\n\n\n\n<h2 class=\"wp-block-heading has-text-align-center\">2. Alt\u0131n<\/h2>\n\n\n\n<h2 class=\"wp-block-heading has-text-align-center\">Ekran G\u00f6r\u00fcnt\u00fcleri<\/h2>\n\n\n\n<p class=\"has-text-align-center\"><img decoding=\"async\" src=\"https:\/\/aeroinsta.net\/wp-content\/uploads\/2022\/12\/InstAero_Gold_1.png\" alt=\"\" style=\"width: 300px;\"><br><\/p>\n\n\n\n<div class=\"wp-block-buttons is-layout-flex wp-block-buttons-is-layout-flex\">\n<div class=\"wp-block-button aligncenter\"><a class=\"wp-block-button__link wp-element-button\" href=\"https:\/\/file.aeroinsta.net\/package1\/AeroInsta_V21.0.0_UNClone_GOLD.apk\"><strong><i class=\"icon fa fa-download\" aria-hidden=\"true\"> <\/i>  \u015eimdi \u0130ndirin<\/strong><\/a><\/div>\n<\/div>\n\n\n\n<div style=\"height:100px\" aria-hidden=\"true\" class=\"wp-block-spacer\"><\/div>\n\n\n\n<h2 class=\"wp-block-heading has-text-align-center\">3. K\u0131rm\u0131z\u0131<\/h2>\n\n\n\n<h2 class=\"wp-block-heading has-text-align-center\">Ekran G\u00f6r\u00fcnt\u00fcleri<\/h2>\n\n\n\n<p class=\"has-text-align-center\"><img decoding=\"async\" src=\"https:\/\/aeroinsta.net\/wp-content\/uploads\/2022\/12\/InstAero_Red_1.png\" alt=\"\" style=\"width: 300px;\"><br><\/p>\n\n\n\n<div class=\"wp-block-buttons is-layout-flex wp-block-buttons-is-layout-flex\">\n<div class=\"wp-block-button aligncenter\"><a class=\"wp-block-button__link wp-element-button\" href=\"https:\/\/file.aeroinsta.net\/package1\/AeroInsta_V21.0.0_UNClone_RED.apk\"><strong><i class=\"icon fa fa-download\" aria-hidden=\"true\"> <\/i>  \u015eimdi \u0130ndirin<\/strong><\/a><\/div>\n<\/div>\n\n\n\n<div style=\"height:100px\" aria-hidden=\"true\" class=\"wp-block-spacer\"><\/div>\n\n\n\n<h2 class=\"wp-block-heading has-text-align-center\">4. Ekstra Koyu<\/h2>\n\n\n\n<h2 class=\"wp-block-heading has-text-align-center\">Ekran G\u00f6r\u00fcnt\u00fcleri<\/h2>\n\n\n\n<p class=\"has-text-align-center\"><img decoding=\"async\" src=\"https:\/\/aeroinsta.net\/wp-content\/uploads\/2022\/12\/InstAero_Extra-Dark_1.png\" alt=\"\" style=\"width: 300px;\"><\/p>\n\n\n\n<div class=\"wp-block-buttons is-layout-flex wp-block-buttons-is-layout-flex\">\n<div class=\"wp-block-button aligncenter\"><a class=\"wp-block-button__link wp-element-button\" href=\"https:\/\/file.aeroinsta.net\/package1\/AeroInsta_V21.0.0_UNClone_EXTRA-DARK.apk\"><strong><i class=\"icon fa fa-download\" aria-hidden=\"true\"> <\/i>  \u015eimdi \u0130ndirin<\/strong><\/a><\/div>\n<\/div>\n\n\n\n<div style=\"height:100px\" aria-hidden=\"true\" class=\"wp-block-spacer\"><\/div>\n\n\n\n<h2 class=\"wp-block-heading has-text-align-center\">5. Mavi<\/h2>\n\n\n\n<h2 class=\"wp-block-heading has-text-align-center\">Ekran G\u00f6r\u00fcnt\u00fcleri<\/h2>\n\n\n\n<p class=\"has-text-align-center\"><img decoding=\"async\" src=\"https:\/\/aeroinsta.net\/wp-content\/uploads\/2022\/12\/InstAero_Blue_1.png\" alt=\"\" style=\"width: 300px;\"><\/p>\n\n\n\n<div class=\"wp-block-buttons is-layout-flex wp-block-buttons-is-layout-flex\">\n<div class=\"wp-block-button aligncenter\"><a class=\"wp-block-button__link wp-element-button\" href=\"https:\/\/file.aeroinsta.net\/package1\/AeroInsta_V21.0.0_UNClone_BLUE.apk\"><i class=\"icon fa fa-download\" aria-hidden=\"true\"> <\/i> <strong>\u0130ndir<\/strong> <strong>\u015eimdi<\/strong><\/a><\/div>\n<\/div>\n\n\n\n<div style=\"height:100px\" aria-hidden=\"true\" class=\"wp-block-spacer\"><\/div>\n\n\n\n<h2 class=\"wp-block-heading has-text-align-center\">6. Mercan Pembesi<\/h2>\n\n\n\n<h2 class=\"wp-block-heading has-text-align-center\">Ekran G\u00f6r\u00fcnt\u00fcleri<\/h2>\n\n\n\n<p class=\"has-text-align-center\"><img decoding=\"async\" src=\"https:\/\/aeroinsta.net\/wp-content\/uploads\/2022\/12\/InstAero_Coral-Pink_1.png\" alt=\"\" style=\"width: 300px;\"><\/p>\n\n\n\n<div class=\"wp-block-buttons is-layout-flex wp-block-buttons-is-layout-flex\">\n<div class=\"wp-block-button aligncenter\"><a class=\"wp-block-button__link wp-element-button\" href=\"https:\/\/file.aeroinsta.net\/package1\/AeroInsta_V21.0.0_UNClone_CORAL-PINK.apk\"><strong><i class=\"icon fa fa-download\" aria-hidden=\"true\"> <\/i>  \u015eimdi \u0130ndirin<\/strong><\/a><\/div>\n<\/div>\n\n\n\n<div style=\"height:100px\" aria-hidden=\"true\" class=\"wp-block-spacer\"><\/div>\n\n\n\n<h2 class=\"wp-block-heading has-text-align-center\">7. Ye\u015fil<\/h2>\n\n\n\n<h2 class=\"wp-block-heading has-text-align-center\">Ekran G\u00f6r\u00fcnt\u00fcleri<\/h2>\n\n\n\n<p class=\"has-text-align-center\"><img decoding=\"async\" src=\"https:\/\/aeroinsta.net\/wp-content\/uploads\/2022\/12\/InstAero_Green_1.png\" alt=\"\" style=\"width: 300px;\"><\/p>\n\n\n\n<p><\/p>\n\n\n\n<div class=\"wp-block-buttons is-layout-flex wp-block-buttons-is-layout-flex\">\n<div class=\"wp-block-button aligncenter\"><a class=\"wp-block-button__link wp-element-button\" href=\"https:\/\/file.aeroinsta.net\/package1\/AeroInsta_V21.0.0_UNClone_GREEN.apk\"><strong><i class=\"icon fa fa-download\" aria-hidden=\"true\"> <\/i>  \u015eimdi \u0130ndirin<\/strong><\/a><\/div>\n<\/div>\n\n\n\n<div style=\"height:100px\" aria-hidden=\"true\" class=\"wp-block-spacer\"><\/div>\n\n\n\n<h2 class=\"wp-block-heading has-text-align-center\">8. A\u00e7\u0131k Ton<\/h2>\n\n\n\n<h2 class=\"wp-block-heading has-text-align-center\">Ekran G\u00f6r\u00fcnt\u00fcleri<\/h2>\n\n\n\n<p class=\"has-text-align-center\"><img decoding=\"async\" style=\"width: 300px;\" src=\"https:\/\/aeroinsta.net\/wp-content\/uploads\/2022\/12\/InstAero_Light-Tone_1.png\" alt=\"\"><\/p>\n\n\n\n<div class=\"wp-block-buttons is-layout-flex wp-block-buttons-is-layout-flex\">\n<div class=\"wp-block-button aligncenter\"><a class=\"wp-block-button__link wp-element-button\" href=\"https:\/\/file.aeroinsta.net\/package1\/AeroInsta_V21.0.0_UNClone_LIGHT-TONE.apk\"><strong><i class=\"icon fa fa-download\" aria-hidden=\"true\"> <\/i>  \u015eimdi \u0130ndirin<\/strong><\/a><\/div>\n<\/div>\n\n\n\n<div style=\"height:100px\" aria-hidden=\"true\" class=\"wp-block-spacer\"><\/div>\n\n\n\n<h2 class=\"wp-block-heading has-text-align-center\">9. A\u00e7\u0131k Mor<\/h2>\n\n\n\n<h2 class=\"wp-block-heading has-text-align-center\">Ekran G\u00f6r\u00fcnt\u00fcleri<\/h2>\n\n\n\n<p class=\"has-text-align-center\"><img decoding=\"async\" src=\"https:\/\/aeroinsta.net\/wp-content\/uploads\/2022\/12\/InstAero_Light_Purple_1.png\" alt=\"\" style=\"width: 300px;\"><\/p>\n\n\n\n<div class=\"wp-block-buttons is-layout-flex wp-block-buttons-is-layout-flex\">\n<div class=\"wp-block-button aligncenter\"><a class=\"wp-block-button__link wp-element-button\" href=\"https:\/\/file.aeroinsta.net\/package1\/AeroInsta_V21.0.0_UNClone_LIGHT-PURPLE.apk\"><strong><i class=\"icon fa fa-download\" aria-hidden=\"true\"> <\/i>  \u015eimdi \u0130ndirin<\/strong><\/a><\/div>\n<\/div>\n\n\n\n<div style=\"height:100px\" aria-hidden=\"true\" class=\"wp-block-spacer\"><\/div>\n\n\n\n<h2 class=\"wp-block-heading has-text-align-center\">10. A\u00e7\u0131k Pembe<\/h2>\n\n\n\n<h2 class=\"wp-block-heading has-text-align-center\">Ekran G\u00f6r\u00fcnt\u00fcleri<\/h2>\n\n\n\n<p class=\"has-text-align-center\"><img decoding=\"async\" src=\"https:\/\/aeroinsta.net\/wp-content\/uploads\/2022\/12\/InstAero_Light-Pink_1.png\" alt=\"\" style=\"width: 300px;\"><\/p>\n\n\n\n<div class=\"wp-block-buttons is-layout-flex wp-block-buttons-is-layout-flex\">\n<div class=\"wp-block-button aligncenter\"><a class=\"wp-block-button__link wp-element-button\" href=\"https:\/\/file.aeroinsta.net\/package1\/AeroInsta_V21.0.0_UNClone_LIGHT-PINK.apk\"><strong><i class=\"icon fa fa-download\" aria-hidden=\"true\"> <\/i>  \u015eimdi \u0130ndirin<\/strong><\/a><\/div>\n<\/div>\n\n\n\n<div style=\"height:100px\" aria-hidden=\"true\" class=\"wp-block-spacer\"><\/div>\n","protected":false},"excerpt":{"rendered":"<p>Zevkinize G\u00f6re Renk Se\u00e7in! Insta Aero, uyumlu renkler sunan bir ba\u015fyap\u0131tt\u0131r. Koyu ve a\u00e7\u0131k, Alt\u0131n, K\u0131rm\u0131z\u0131, Ekstra Koyu, Mavi vb. Son S\u00fcr\u00fcm V24.0.0 1. Varsay\u0131lan | Koyu-A\u00e7\u0131k Screenshots 2. Alt\u0131n Ekran G\u00f6r\u00fcnt\u00fcleri 3. K\u0131rm\u0131z\u0131 Ekran G\u00f6r\u00fcnt\u00fcleri 4. Ekstra Koyu Ekran G\u00f6r\u00fcnt\u00fcleri 5. Mavi Ekran G\u00f6r\u00fcnt\u00fcleri 6. Mercan Pembesi Ekran G\u00f6r\u00fcnt\u00fcleri 7. Ye\u015fil Ekran G\u00f6r\u00fcnt\u00fcleri 8. &#8230; <a title=\"Resmi \u0130ndirme Sayfas\u0131 | Aero Insta\" class=\"read-more\" href=\"https:\/\/aeroinsta.net\/tr\/kurulum-paketini-secin-aero-insta\/resmi-indirme-sayfasi-aero-insta-2\/\" aria-label=\"More on Resmi \u0130ndirme Sayfas\u0131 | Aero Insta\">Read more<\/a><\/p>\n","protected":false},"author":1,"featured_media":0,"parent":973,"menu_order":0,"comment_status":"closed","ping_status":"closed","template":"","meta":{"footnotes":""},"class_list":["post-969","page","type-page","status-publish"],"yoast_head":"<!-- This site is optimized with the Yoast SEO plugin v27.4 - https:\/\/yoast.com\/product\/yoast-seo-wordpress\/ -->\n<title>Resmi \u0130ndirme Sayfas\u0131 | Aero Insta - AeroInsta - Official Download Page<\/title>\n<meta name=\"robots\" content=\"index, follow, max-snippet:-1, max-image-preview:large, max-video-preview:-1\" \/>\n<link rel=\"canonical\" href=\"https:\/\/aeroinsta.net\/tr\/kurulum-paketini-secin-aero-insta\/resmi-indirme-sayfasi-aero-insta-2\/\" \/>\n<meta property=\"og:locale\" content=\"tr_TR\" \/>\n<meta property=\"og:type\" content=\"article\" \/>\n<meta property=\"og:title\" content=\"Resmi \u0130ndirme Sayfas\u0131 | Aero Insta - AeroInsta - Official Download Page\" \/>\n<meta property=\"og:description\" content=\"Zevkinize G\u00f6re Renk Se\u00e7in! Insta Aero, uyumlu renkler sunan bir ba\u015fyap\u0131tt\u0131r. Koyu ve a\u00e7\u0131k, Alt\u0131n, K\u0131rm\u0131z\u0131, Ekstra Koyu, Mavi vb. Son S\u00fcr\u00fcm V24.0.0 1. Varsay\u0131lan | Koyu-A\u00e7\u0131k Screenshots 2. Alt\u0131n Ekran G\u00f6r\u00fcnt\u00fcleri 3. K\u0131rm\u0131z\u0131 Ekran G\u00f6r\u00fcnt\u00fcleri 4. Ekstra Koyu Ekran G\u00f6r\u00fcnt\u00fcleri 5. Mavi Ekran G\u00f6r\u00fcnt\u00fcleri 6. Mercan Pembesi Ekran G\u00f6r\u00fcnt\u00fcleri 7. Ye\u015fil Ekran G\u00f6r\u00fcnt\u00fcleri 8. ... Read more\" \/>\n<meta property=\"og:url\" content=\"https:\/\/aeroinsta.net\/tr\/kurulum-paketini-secin-aero-insta\/resmi-indirme-sayfasi-aero-insta-2\/\" \/>\n<meta property=\"og:site_name\" content=\"AeroInsta - Official Download Page\" \/>\n<meta property=\"og:image\" content=\"https:\/\/aeroinsta.net\/wp-content\/uploads\/2022\/12\/InstAero_Default-Dark_1.png\" \/>\n<meta name=\"twitter:card\" content=\"summary_large_image\" \/>\n<meta name=\"twitter:label1\" content=\"Tahmini okuma s\u00fcresi\" \/>\n\t<meta name=\"twitter:data1\" content=\"3 dakika\" \/>\n<script type=\"application\/ld+json\" class=\"yoast-schema-graph\">{\"@context\":\"https:\\\/\\\/schema.org\",\"@graph\":[{\"@type\":\"WebPage\",\"@id\":\"https:\\\/\\\/aeroinsta.net\\\/tr\\\/kurulum-paketini-secin-aero-insta\\\/resmi-indirme-sayfasi-aero-insta-2\\\/\",\"url\":\"https:\\\/\\\/aeroinsta.net\\\/tr\\\/kurulum-paketini-secin-aero-insta\\\/resmi-indirme-sayfasi-aero-insta-2\\\/\",\"name\":\"Resmi \u0130ndirme Sayfas\u0131 | Aero Insta - AeroInsta - Official Download Page\",\"isPartOf\":{\"@id\":\"https:\\\/\\\/aeroinsta.net\\\/#website\"},\"primaryImageOfPage\":{\"@id\":\"https:\\\/\\\/aeroinsta.net\\\/tr\\\/kurulum-paketini-secin-aero-insta\\\/resmi-indirme-sayfasi-aero-insta-2\\\/#primaryimage\"},\"image\":{\"@id\":\"https:\\\/\\\/aeroinsta.net\\\/tr\\\/kurulum-paketini-secin-aero-insta\\\/resmi-indirme-sayfasi-aero-insta-2\\\/#primaryimage\"},\"thumbnailUrl\":\"https:\\\/\\\/aeroinsta.net\\\/wp-content\\\/uploads\\\/2022\\\/12\\\/InstAero_Default-Dark_1.png\",\"datePublished\":\"2026-04-13T09:39:47+00:00\",\"breadcrumb\":{\"@id\":\"https:\\\/\\\/aeroinsta.net\\\/tr\\\/kurulum-paketini-secin-aero-insta\\\/resmi-indirme-sayfasi-aero-insta-2\\\/#breadcrumb\"},\"inLanguage\":\"tr\",\"potentialAction\":[{\"@type\":\"ReadAction\",\"target\":[\"https:\\\/\\\/aeroinsta.net\\\/tr\\\/kurulum-paketini-secin-aero-insta\\\/resmi-indirme-sayfasi-aero-insta-2\\\/\"]}]},{\"@type\":\"ImageObject\",\"inLanguage\":\"tr\",\"@id\":\"https:\\\/\\\/aeroinsta.net\\\/tr\\\/kurulum-paketini-secin-aero-insta\\\/resmi-indirme-sayfasi-aero-insta-2\\\/#primaryimage\",\"url\":\"https:\\\/\\\/aeroinsta.net\\\/wp-content\\\/uploads\\\/2022\\\/12\\\/InstAero_Default-Dark_1.png\",\"contentUrl\":\"https:\\\/\\\/aeroinsta.net\\\/wp-content\\\/uploads\\\/2022\\\/12\\\/InstAero_Default-Dark_1.png\"},{\"@type\":\"BreadcrumbList\",\"@id\":\"https:\\\/\\\/aeroinsta.net\\\/tr\\\/kurulum-paketini-secin-aero-insta\\\/resmi-indirme-sayfasi-aero-insta-2\\\/#breadcrumb\",\"itemListElement\":[{\"@type\":\"ListItem\",\"position\":1,\"name\":\"Home\",\"item\":\"https:\\\/\\\/aeroinsta.net\\\/tr\\\/\"},{\"@type\":\"ListItem\",\"position\":2,\"name\":\"Kurulum Paketini Se\u00e7in | Aero Insta\",\"item\":\"https:\\\/\\\/aeroinsta.net\\\/tr\\\/kurulum-paketini-secin-aero-insta\\\/\"},{\"@type\":\"ListItem\",\"position\":3,\"name\":\"Resmi \u0130ndirme Sayfas\u0131 | Aero Insta\"}]},{\"@type\":\"WebSite\",\"@id\":\"https:\\\/\\\/aeroinsta.net\\\/#website\",\"url\":\"https:\\\/\\\/aeroinsta.net\\\/\",\"name\":\"AeroInsta - Official Website\",\"description\":\"\",\"publisher\":{\"@id\":\"https:\\\/\\\/aeroinsta.net\\\/#\\\/schema\\\/person\\\/a0a722331f324c2a58fdfdef3408ff21\"},\"potentialAction\":[{\"@type\":\"SearchAction\",\"target\":{\"@type\":\"EntryPoint\",\"urlTemplate\":\"https:\\\/\\\/aeroinsta.net\\\/?s={search_term_string}\"},\"query-input\":{\"@type\":\"PropertyValueSpecification\",\"valueRequired\":true,\"valueName\":\"search_term_string\"}}],\"inLanguage\":\"tr\"},{\"@type\":[\"Person\",\"Organization\"],\"@id\":\"https:\\\/\\\/aeroinsta.net\\\/#\\\/schema\\\/person\\\/a0a722331f324c2a58fdfdef3408ff21\",\"name\":\"admin\",\"image\":{\"@type\":\"ImageObject\",\"inLanguage\":\"tr\",\"@id\":\"https:\\\/\\\/aeroinsta.net\\\/wp-content\\\/uploads\\\/2023\\\/01\\\/aeroinsta.png\",\"url\":\"https:\\\/\\\/aeroinsta.net\\\/wp-content\\\/uploads\\\/2023\\\/01\\\/aeroinsta.png\",\"contentUrl\":\"https:\\\/\\\/aeroinsta.net\\\/wp-content\\\/uploads\\\/2023\\\/01\\\/aeroinsta.png\",\"width\":360,\"height\":106,\"caption\":\"admin\"},\"logo\":{\"@id\":\"https:\\\/\\\/aeroinsta.net\\\/wp-content\\\/uploads\\\/2023\\\/01\\\/aeroinsta.png\"},\"sameAs\":[\"https:\\\/\\\/aeroinsta.net\"]}]}<\/script>\n<!-- \/ Yoast SEO plugin. -->","yoast_head_json":{"title":"Resmi \u0130ndirme Sayfas\u0131 | Aero Insta - AeroInsta - Official Download Page","robots":{"index":"index","follow":"follow","max-snippet":"max-snippet:-1","max-image-preview":"max-image-preview:large","max-video-preview":"max-video-preview:-1"},"canonical":"https:\/\/aeroinsta.net\/tr\/kurulum-paketini-secin-aero-insta\/resmi-indirme-sayfasi-aero-insta-2\/","og_locale":"tr_TR","og_type":"article","og_title":"Resmi \u0130ndirme Sayfas\u0131 | Aero Insta - AeroInsta - Official Download Page","og_description":"Zevkinize G\u00f6re Renk Se\u00e7in! Insta Aero, uyumlu renkler sunan bir ba\u015fyap\u0131tt\u0131r. Koyu ve a\u00e7\u0131k, Alt\u0131n, K\u0131rm\u0131z\u0131, Ekstra Koyu, Mavi vb. Son S\u00fcr\u00fcm V24.0.0 1. Varsay\u0131lan | Koyu-A\u00e7\u0131k Screenshots 2. Alt\u0131n Ekran G\u00f6r\u00fcnt\u00fcleri 3. K\u0131rm\u0131z\u0131 Ekran G\u00f6r\u00fcnt\u00fcleri 4. Ekstra Koyu Ekran G\u00f6r\u00fcnt\u00fcleri 5. Mavi Ekran G\u00f6r\u00fcnt\u00fcleri 6. Mercan Pembesi Ekran G\u00f6r\u00fcnt\u00fcleri 7. Ye\u015fil Ekran G\u00f6r\u00fcnt\u00fcleri 8. ... Read more","og_url":"https:\/\/aeroinsta.net\/tr\/kurulum-paketini-secin-aero-insta\/resmi-indirme-sayfasi-aero-insta-2\/","og_site_name":"AeroInsta - Official Download Page","og_image":[{"url":"https:\/\/aeroinsta.net\/wp-content\/uploads\/2022\/12\/InstAero_Default-Dark_1.png","type":"","width":"","height":""}],"twitter_card":"summary_large_image","twitter_misc":{"Tahmini okuma s\u00fcresi":"3 dakika"},"schema":{"@context":"https:\/\/schema.org","@graph":[{"@type":"WebPage","@id":"https:\/\/aeroinsta.net\/tr\/kurulum-paketini-secin-aero-insta\/resmi-indirme-sayfasi-aero-insta-2\/","url":"https:\/\/aeroinsta.net\/tr\/kurulum-paketini-secin-aero-insta\/resmi-indirme-sayfasi-aero-insta-2\/","name":"Resmi \u0130ndirme Sayfas\u0131 | Aero Insta - AeroInsta - Official Download Page","isPartOf":{"@id":"https:\/\/aeroinsta.net\/#website"},"primaryImageOfPage":{"@id":"https:\/\/aeroinsta.net\/tr\/kurulum-paketini-secin-aero-insta\/resmi-indirme-sayfasi-aero-insta-2\/#primaryimage"},"image":{"@id":"https:\/\/aeroinsta.net\/tr\/kurulum-paketini-secin-aero-insta\/resmi-indirme-sayfasi-aero-insta-2\/#primaryimage"},"thumbnailUrl":"https:\/\/aeroinsta.net\/wp-content\/uploads\/2022\/12\/InstAero_Default-Dark_1.png","datePublished":"2026-04-13T09:39:47+00:00","breadcrumb":{"@id":"https:\/\/aeroinsta.net\/tr\/kurulum-paketini-secin-aero-insta\/resmi-indirme-sayfasi-aero-insta-2\/#breadcrumb"},"inLanguage":"tr","potentialAction":[{"@type":"ReadAction","target":["https:\/\/aeroinsta.net\/tr\/kurulum-paketini-secin-aero-insta\/resmi-indirme-sayfasi-aero-insta-2\/"]}]},{"@type":"ImageObject","inLanguage":"tr","@id":"https:\/\/aeroinsta.net\/tr\/kurulum-paketini-secin-aero-insta\/resmi-indirme-sayfasi-aero-insta-2\/#primaryimage","url":"https:\/\/aeroinsta.net\/wp-content\/uploads\/2022\/12\/InstAero_Default-Dark_1.png","contentUrl":"https:\/\/aeroinsta.net\/wp-content\/uploads\/2022\/12\/InstAero_Default-Dark_1.png"},{"@type":"BreadcrumbList","@id":"https:\/\/aeroinsta.net\/tr\/kurulum-paketini-secin-aero-insta\/resmi-indirme-sayfasi-aero-insta-2\/#breadcrumb","itemListElement":[{"@type":"ListItem","position":1,"name":"Home","item":"https:\/\/aeroinsta.net\/tr\/"},{"@type":"ListItem","position":2,"name":"Kurulum Paketini Se\u00e7in | Aero Insta","item":"https:\/\/aeroinsta.net\/tr\/kurulum-paketini-secin-aero-insta\/"},{"@type":"ListItem","position":3,"name":"Resmi \u0130ndirme Sayfas\u0131 | Aero Insta"}]},{"@type":"WebSite","@id":"https:\/\/aeroinsta.net\/#website","url":"https:\/\/aeroinsta.net\/","name":"AeroInsta - Official Website","description":"","publisher":{"@id":"https:\/\/aeroinsta.net\/#\/schema\/person\/a0a722331f324c2a58fdfdef3408ff21"},"potentialAction":[{"@type":"SearchAction","target":{"@type":"EntryPoint","urlTemplate":"https:\/\/aeroinsta.net\/?s={search_term_string}"},"query-input":{"@type":"PropertyValueSpecification","valueRequired":true,"valueName":"search_term_string"}}],"inLanguage":"tr"},{"@type":["Person","Organization"],"@id":"https:\/\/aeroinsta.net\/#\/schema\/person\/a0a722331f324c2a58fdfdef3408ff21","name":"admin","image":{"@type":"ImageObject","inLanguage":"tr","@id":"https:\/\/aeroinsta.net\/wp-content\/uploads\/2023\/01\/aeroinsta.png","url":"https:\/\/aeroinsta.net\/wp-content\/uploads\/2023\/01\/aeroinsta.png","contentUrl":"https:\/\/aeroinsta.net\/wp-content\/uploads\/2023\/01\/aeroinsta.png","width":360,"height":106,"caption":"admin"},"logo":{"@id":"https:\/\/aeroinsta.net\/wp-content\/uploads\/2023\/01\/aeroinsta.png"},"sameAs":["https:\/\/aeroinsta.net"]}]}},"_links":{"self":[{"href":"https:\/\/aeroinsta.net\/tr\/wp-json\/wp\/v2\/pages\/969","targetHints":{"allow":["GET"]}}],"collection":[{"href":"https:\/\/aeroinsta.net\/tr\/wp-json\/wp\/v2\/pages"}],"about":[{"href":"https:\/\/aeroinsta.net\/tr\/wp-json\/wp\/v2\/types\/page"}],"author":[{"embeddable":true,"href":"https:\/\/aeroinsta.net\/tr\/wp-json\/wp\/v2\/users\/1"}],"replies":[{"embeddable":true,"href":"https:\/\/aeroinsta.net\/tr\/wp-json\/wp\/v2\/comments?post=969"}],"version-history":[{"count":0,"href":"https:\/\/aeroinsta.net\/tr\/wp-json\/wp\/v2\/pages\/969\/revisions"}],"up":[{"embeddable":true,"href":"https:\/\/aeroinsta.net\/tr\/wp-json\/wp\/v2\/pages\/973"}],"wp:attachment":[{"href":"https:\/\/aeroinsta.net\/tr\/wp-json\/wp\/v2\/media?parent=969"}],"curies":[{"name":"wp","href":"https:\/\/api.w.org\/{rel}","templated":true}]}}