{"id":972,"date":"2022-12-09T13:59:45","date_gmt":"2022-12-09T13:59:45","guid":{"rendered":"https:\/\/aeroinsta.net\/gelistirici\/"},"modified":"2023-06-10T08:55:04","modified_gmt":"2023-06-10T08:55:04","slug":"gelistirici","status":"publish","type":"page","link":"https:\/\/aeroinsta.net\/tr\/gelistirici\/","title":{"rendered":"Geli\u015ftirici"},"content":{"rendered":"\n<div class=\"wp-block-columns is-layout-flex wp-container-core-columns-is-layout-9d6595d7 wp-block-columns-is-layout-flex\">\n<div class=\"wp-block-column has-background is-layout-flow wp-block-column-is-layout-flow\" style=\"background:linear-gradient(333deg,rgb(255,203,112) 0%,rgb(199,81,192) 50%,rgb(65,88,208) 100%);flex-basis:100%\">\n<p><style>\/*! elementor - v3.9.0 - 06-12-2022 *\/<br \/>.elementor-heading-title{padding:0;margin:0;line-height:1}.elementor-widget-heading .elementor-heading-title[class*=elementor-size-]>a{color:inherit;font-size:inherit;line-height:inherit}.elementor-widget-heading .elementor-heading-title.elementor-size-small{font-size:15px}.elementor-widget-heading .elementor-heading-title.elementor-size-medium{font-size:19px}.elementor-widget-heading .elementor-heading-title.elementor-size-large{font-size:29px}.elementor-widget-heading .elementor-heading-title.elementor-size-xl{font-size:39px}.elementor-widget-heading .elementor-heading-title.elementor-size-xxl{font-size:59px}<\/style><\/p>\n\n\n\n<div style=\"height:100px\" aria-hidden=\"true\" class=\"wp-block-spacer\"><\/div>\n\n\n\n<div class=\"wp-block-columns is-layout-flex wp-container-core-columns-is-layout-9d6595d7 wp-block-columns-is-layout-flex\">\n<div class=\"wp-block-column is-layout-flow wp-block-column-is-layout-flow\" style=\"flex-basis:200px\">\n<div style=\"height:100px\" aria-hidden=\"true\" class=\"wp-block-spacer\"><\/div>\n<\/div>\n\n\n\n<div class=\"wp-block-column developer has-base-3-background-color has-background is-layout-flow wp-block-column-is-layout-flow\">\n<div style=\"height:30px\" aria-hidden=\"true\" class=\"wp-block-spacer\"><\/div>\n\n\n\n<h2 class=\"has-text-align-center developer wp-block-heading\"><strong>Geli\u015ftirici Modu<\/strong><\/h2>\n\n\n\n<div style=\"height:30px\" aria-hidden=\"true\" class=\"wp-block-spacer\"><\/div>\n\n\n\n<p class=\"has-text-align-center developer-txt\"><strong>Insta geli\u015ftirici modu ipu\u00e7lar\u0131 ve p\u00fcf noktalar\u0131<\/strong><\/p>\n\n\n\n<p class=\"has-text-align-center developer-txt\"><strong>Bunlar, Insta geli\u015ftirici modundan en iyi \u015fekilde yararlanman\u0131z i\u00e7in ipu\u00e7lar\u0131 ve \u00f6\u011freticilerdir.<\/strong><\/p>\n\n\n\n<p class=\"has-text-align-center developer-txt\"><strong>Uyar\u0131: Bu yay\u0131n, g\u00fcncellemeler ve her g\u00fcncelleme ile eklenen ve kald\u0131r\u0131lan \u00f6zellikler nedeniyle herhangi bir zamanda de\u011fi\u015fmeye isteklidir ?<\/strong><\/p>\n\n\n\n<p class=\"has-text-align-center developer-txt\"><strong>Geli\u015ftirici moduna eri\u015fmek i\u00e7in haber ak\u0131\u015f\u0131n\u0131n ana ekran d\u00fc\u011fmesini bas\u0131l\u0131 tutun ve &#8220;H\u0131zl\u0131 Deneme Ayarlar\u0131n\u0131 De\u011fi\u015ftir&#8221; se\u00e7ene\u011fine eri\u015fin<\/strong><\/p>\n<\/div>\n\n\n\n<div class=\"wp-block-column is-layout-flow wp-block-column-is-layout-flow\" style=\"flex-basis:200px\">\n<div style=\"height:100px\" aria-hidden=\"true\" class=\"wp-block-spacer\"><\/div>\n<\/div>\n<\/div>\n<\/div>\n<\/div>\n\n<div style=\"height:20px\" aria-hidden=\"true\" class=\"wp-block-spacer\"><\/div>\n\n<h2 class=\"has-text-align-center developer-l wp-block-heading\"><strong>Insta Hikayenize \u00c7\u0131kartmalar Ekleyin<\/strong><\/h2>\n\n<p class=\"developer-l\"><style>\/*! elementor - v3.9.0 - 06-12-2022 *\/<br \/>.elementor-widget-image{text-align:center}.elementor-widget-image a{display:inline-block}.elementor-widget-image a img[src$=\".svg\"]{width:48px}.elementor-widget-image img{vertical-align:middle;display:inline-block}<\/style><\/p>\n<div class=\"wp-block-image\">\n<figure class=\"aligncenter is-resized\"><img loading=\"lazy\" decoding=\"async\" src=\"https:\/\/aeroinsta.net\/wp-content\/uploads\/2022\/12\/aero-insta3-893x1024.jpg\" alt=\"\" width=\"700\" height=\"700\"\/><\/figure>\n<\/div>\n<div style=\"height:30px\" aria-hidden=\"true\" class=\"wp-block-spacer\"><\/div>\n\n<h2 class=\"has-text-align-center developer-l wp-block-heading\"><strong>Resimlerin G\u00f6r\u00fcnt\u00fc Kalitesini De\u011fi\u015ftirme<\/strong><\/h2>\n\n<div style=\"height:30px\" aria-hidden=\"true\" class=\"wp-block-spacer\"><\/div>\n<div class=\"wp-block-image\">\n<figure class=\"aligncenter is-resized\"><img loading=\"lazy\" decoding=\"async\" src=\"https:\/\/aeroinsta.net\/wp-content\/uploads\/2022\/12\/aero-insta2-1024x608.jpg\" alt=\"\" width=\"700\" height=\"700\"\/><\/figure>\n<\/div>\n<div style=\"height:30px\" aria-hidden=\"true\" class=\"wp-block-spacer\"><\/div>\n\n<h2 class=\"has-text-align-center developer-l wp-block-heading\"><strong>Hediye G\u00f6nderme<\/strong><\/h2>\n\n<div style=\"height:30px\" aria-hidden=\"true\" class=\"wp-block-spacer\"><\/div>\n<div class=\"wp-block-image\">\n<figure class=\"aligncenter is-resized\"><img loading=\"lazy\" decoding=\"async\" src=\"https:\/\/aeroinsta.net\/wp-content\/uploads\/2022\/12\/aero-insta7-627x1024.jpg\" alt=\"\" width=\"700\" height=\"700\"\/><\/figure>\n<\/div>\n<div style=\"height:30px\" aria-hidden=\"true\" class=\"wp-block-spacer\"><\/div>\n\n<h2 class=\"has-text-align-center developer-l wp-block-heading\"><strong>Son G\u00f6r\u00fclmeyi Kontrol Etme<\/strong><\/h2>\n\n<div style=\"height:30px\" aria-hidden=\"true\" class=\"wp-block-spacer\"><\/div>\n<div class=\"wp-block-image\">\n<figure class=\"aligncenter is-resized\"><img loading=\"lazy\" decoding=\"async\" src=\"https:\/\/aeroinsta.net\/wp-content\/uploads\/2022\/12\/aero-insta8-1024x758.jpg\" alt=\"\" width=\"700\" height=\"700\"\/><\/figure>\n<\/div>\n<div style=\"height:30px\" aria-hidden=\"true\" class=\"wp-block-spacer\"><\/div>\n\n<h2 class=\"has-text-align-center developer-l wp-block-heading\"><strong>T\u00fcm kullan\u0131c\u0131lar i\u00e7in Videoyu Geri Sar se\u00e7ene\u011fi<\/strong><\/h2>\n\n<div style=\"height:30px\" aria-hidden=\"true\" class=\"wp-block-spacer\"><\/div>\n<div class=\"wp-block-image\">\n<figure class=\"aligncenter is-resized\"><img loading=\"lazy\" decoding=\"async\" src=\"https:\/\/aeroinsta.net\/wp-content\/uploads\/2022\/12\/aero-insta9-1024x917.png\" alt=\"\" width=\"700\" height=\"700\"\/><\/figure>\n<\/div>\n<div style=\"height:30px\" aria-hidden=\"true\" class=\"wp-block-spacer\"><\/div>\n\n<h2 class=\"has-text-align-center developer-l wp-block-heading\"><strong>Kamera i\u00e7in renk ayar\u0131<\/strong><\/h2>\n\n<div style=\"height:30px\" aria-hidden=\"true\" class=\"wp-block-spacer\"><\/div>\n<div class=\"wp-block-image\">\n<figure class=\"aligncenter is-resized\"><img loading=\"lazy\" decoding=\"async\" src=\"https:\/\/aeroinsta.net\/wp-content\/uploads\/2022\/12\/aero-insta11-1024x543.png\" alt=\"\" width=\"700\" height=\"700\"\/><\/figure>\n<\/div>\n<div style=\"height:30px\" aria-hidden=\"true\" class=\"wp-block-spacer\"><\/div>\n\n<h2 class=\"has-text-align-center developer-l wp-block-heading\"><strong>Resimleri Do\u011frudan Aero Insta&#8217;ya Y\u00fckleyin<\/strong><\/h2>\n\n<div style=\"height:30px\" aria-hidden=\"true\" class=\"wp-block-spacer\"><\/div>\n<div class=\"wp-block-image\">\n<figure class=\"aligncenter is-resized\"><img loading=\"lazy\" decoding=\"async\" src=\"https:\/\/aeroinsta.net\/wp-content\/uploads\/2022\/12\/aero-insta12-1024x571.png\" alt=\"\" width=\"700\" height=\"700\"\/><\/figure>\n<\/div>\n<div style=\"height:30px\" aria-hidden=\"true\" class=\"wp-block-spacer\"><\/div>\n\n<h2 class=\"has-text-align-center developer-l wp-block-heading\"><strong>Uygulamay\u0131 \u015eimdi \u0130ndirin<\/strong><\/h2>\n\n<div style=\"height:30px\" aria-hidden=\"true\" class=\"wp-block-spacer\"><\/div>\n\n<div class=\"wp-block-buttons is-layout-flex wp-block-buttons-is-layout-flex\">\n<div class=\"wp-block-button aligncenter\"><a class=\"wp-block-button__link wp-element-button\" href=\"https:\/\/aeroinsta.net\/tr\/kurulum-paketini-secin-aero-insta\/\"><i class=\"icon fa fa-download\" aria-hidden=\"true\"> <\/i>  \u015eimdi \u0130ndirin<\/a><\/div>\n<\/div>\n","protected":false},"excerpt":{"rendered":"<p>Geli\u015ftirici Modu Insta geli\u015ftirici modu ipu\u00e7lar\u0131 ve p\u00fcf noktalar\u0131 Bunlar, Insta geli\u015ftirici modundan en iyi \u015fekilde yararlanman\u0131z i\u00e7in ipu\u00e7lar\u0131 ve \u00f6\u011freticilerdir. Uyar\u0131: Bu yay\u0131n, g\u00fcncellemeler ve her g\u00fcncelleme ile eklenen ve kald\u0131r\u0131lan \u00f6zellikler nedeniyle herhangi bir zamanda de\u011fi\u015fmeye isteklidir ? Geli\u015ftirici moduna eri\u015fmek i\u00e7in haber ak\u0131\u015f\u0131n\u0131n ana ekran d\u00fc\u011fmesini bas\u0131l\u0131 tutun ve &#8220;H\u0131zl\u0131 Deneme Ayarlar\u0131n\u0131 &#8230; <a title=\"Geli\u015ftirici\" class=\"read-more\" href=\"https:\/\/aeroinsta.net\/tr\/gelistirici\/\" aria-label=\"More on Geli\u015ftirici\">Read more<\/a><\/p>\n","protected":false},"author":1,"featured_media":0,"parent":0,"menu_order":0,"comment_status":"closed","ping_status":"closed","template":"","meta":{"footnotes":""},"class_list":["post-972","page","type-page","status-publish"],"yoast_head":"<!-- This site is optimized with the Yoast SEO plugin v27.4 - https:\/\/yoast.com\/product\/yoast-seo-wordpress\/ -->\n<title>Geli\u015ftirici - AeroInsta - Official Download Page<\/title>\n<meta name=\"robots\" content=\"index, follow, max-snippet:-1, max-image-preview:large, max-video-preview:-1\" \/>\n<link rel=\"canonical\" href=\"https:\/\/aeroinsta.net\/tr\/gelistirici\/\" \/>\n<meta property=\"og:locale\" content=\"tr_TR\" \/>\n<meta property=\"og:type\" content=\"article\" \/>\n<meta property=\"og:title\" content=\"Geli\u015ftirici - AeroInsta - Official Download Page\" \/>\n<meta property=\"og:description\" content=\"Geli\u015ftirici Modu Insta geli\u015ftirici modu ipu\u00e7lar\u0131 ve p\u00fcf noktalar\u0131 Bunlar, Insta geli\u015ftirici modundan en iyi \u015fekilde yararlanman\u0131z i\u00e7in ipu\u00e7lar\u0131 ve \u00f6\u011freticilerdir. Uyar\u0131: Bu yay\u0131n, g\u00fcncellemeler ve her g\u00fcncelleme ile eklenen ve kald\u0131r\u0131lan \u00f6zellikler nedeniyle herhangi bir zamanda de\u011fi\u015fmeye isteklidir ? Geli\u015ftirici moduna eri\u015fmek i\u00e7in haber ak\u0131\u015f\u0131n\u0131n ana ekran d\u00fc\u011fmesini bas\u0131l\u0131 tutun ve &#8220;H\u0131zl\u0131 Deneme Ayarlar\u0131n\u0131 ... Read more\" \/>\n<meta property=\"og:url\" content=\"https:\/\/aeroinsta.net\/tr\/gelistirici\/\" \/>\n<meta property=\"og:site_name\" content=\"AeroInsta - Official Download Page\" \/>\n<meta property=\"article:modified_time\" content=\"2023-06-10T08:55:04+00:00\" \/>\n<meta property=\"og:image\" content=\"https:\/\/aeroinsta.net\/wp-content\/uploads\/2022\/12\/aero-insta3-893x1024.jpg\" \/>\n<meta name=\"twitter:card\" content=\"summary_large_image\" \/>\n<meta name=\"twitter:label1\" content=\"Tahmini okuma s\u00fcresi\" \/>\n\t<meta name=\"twitter:data1\" content=\"1 dakika\" \/>\n<script type=\"application\/ld+json\" class=\"yoast-schema-graph\">{\"@context\":\"https:\\\/\\\/schema.org\",\"@graph\":[{\"@type\":\"WebPage\",\"@id\":\"https:\\\/\\\/aeroinsta.net\\\/tr\\\/gelistirici\\\/\",\"url\":\"https:\\\/\\\/aeroinsta.net\\\/tr\\\/gelistirici\\\/\",\"name\":\"Geli\u015ftirici - AeroInsta - Official Download Page\",\"isPartOf\":{\"@id\":\"https:\\\/\\\/aeroinsta.net\\\/#website\"},\"primaryImageOfPage\":{\"@id\":\"https:\\\/\\\/aeroinsta.net\\\/tr\\\/gelistirici\\\/#primaryimage\"},\"image\":{\"@id\":\"https:\\\/\\\/aeroinsta.net\\\/tr\\\/gelistirici\\\/#primaryimage\"},\"thumbnailUrl\":\"https:\\\/\\\/aeroinsta.net\\\/wp-content\\\/uploads\\\/2022\\\/12\\\/aero-insta3-893x1024.jpg\",\"datePublished\":\"2022-12-09T13:59:45+00:00\",\"dateModified\":\"2023-06-10T08:55:04+00:00\",\"breadcrumb\":{\"@id\":\"https:\\\/\\\/aeroinsta.net\\\/tr\\\/gelistirici\\\/#breadcrumb\"},\"inLanguage\":\"tr\",\"potentialAction\":[{\"@type\":\"ReadAction\",\"target\":[\"https:\\\/\\\/aeroinsta.net\\\/tr\\\/gelistirici\\\/\"]}]},{\"@type\":\"ImageObject\",\"inLanguage\":\"tr\",\"@id\":\"https:\\\/\\\/aeroinsta.net\\\/tr\\\/gelistirici\\\/#primaryimage\",\"url\":\"https:\\\/\\\/aeroinsta.net\\\/wp-content\\\/uploads\\\/2022\\\/12\\\/aero-insta3-893x1024.jpg\",\"contentUrl\":\"https:\\\/\\\/aeroinsta.net\\\/wp-content\\\/uploads\\\/2022\\\/12\\\/aero-insta3-893x1024.jpg\"},{\"@type\":\"BreadcrumbList\",\"@id\":\"https:\\\/\\\/aeroinsta.net\\\/tr\\\/gelistirici\\\/#breadcrumb\",\"itemListElement\":[{\"@type\":\"ListItem\",\"position\":1,\"name\":\"Home\",\"item\":\"https:\\\/\\\/aeroinsta.net\\\/tr\\\/\"},{\"@type\":\"ListItem\",\"position\":2,\"name\":\"Geli\u015ftirici\"}]},{\"@type\":\"WebSite\",\"@id\":\"https:\\\/\\\/aeroinsta.net\\\/#website\",\"url\":\"https:\\\/\\\/aeroinsta.net\\\/\",\"name\":\"AeroInsta - Official Website\",\"description\":\"\",\"publisher\":{\"@id\":\"https:\\\/\\\/aeroinsta.net\\\/#\\\/schema\\\/person\\\/a0a722331f324c2a58fdfdef3408ff21\"},\"potentialAction\":[{\"@type\":\"SearchAction\",\"target\":{\"@type\":\"EntryPoint\",\"urlTemplate\":\"https:\\\/\\\/aeroinsta.net\\\/?s={search_term_string}\"},\"query-input\":{\"@type\":\"PropertyValueSpecification\",\"valueRequired\":true,\"valueName\":\"search_term_string\"}}],\"inLanguage\":\"tr\"},{\"@type\":[\"Person\",\"Organization\"],\"@id\":\"https:\\\/\\\/aeroinsta.net\\\/#\\\/schema\\\/person\\\/a0a722331f324c2a58fdfdef3408ff21\",\"name\":\"admin\",\"image\":{\"@type\":\"ImageObject\",\"inLanguage\":\"tr\",\"@id\":\"https:\\\/\\\/aeroinsta.net\\\/wp-content\\\/uploads\\\/2023\\\/01\\\/aeroinsta.png\",\"url\":\"https:\\\/\\\/aeroinsta.net\\\/wp-content\\\/uploads\\\/2023\\\/01\\\/aeroinsta.png\",\"contentUrl\":\"https:\\\/\\\/aeroinsta.net\\\/wp-content\\\/uploads\\\/2023\\\/01\\\/aeroinsta.png\",\"width\":360,\"height\":106,\"caption\":\"admin\"},\"logo\":{\"@id\":\"https:\\\/\\\/aeroinsta.net\\\/wp-content\\\/uploads\\\/2023\\\/01\\\/aeroinsta.png\"},\"sameAs\":[\"https:\\\/\\\/aeroinsta.net\"]}]}<\/script>\n<!-- \/ Yoast SEO plugin. -->","yoast_head_json":{"title":"Geli\u015ftirici - AeroInsta - Official Download Page","robots":{"index":"index","follow":"follow","max-snippet":"max-snippet:-1","max-image-preview":"max-image-preview:large","max-video-preview":"max-video-preview:-1"},"canonical":"https:\/\/aeroinsta.net\/tr\/gelistirici\/","og_locale":"tr_TR","og_type":"article","og_title":"Geli\u015ftirici - AeroInsta - Official Download Page","og_description":"Geli\u015ftirici Modu Insta geli\u015ftirici modu ipu\u00e7lar\u0131 ve p\u00fcf noktalar\u0131 Bunlar, Insta geli\u015ftirici modundan en iyi \u015fekilde yararlanman\u0131z i\u00e7in ipu\u00e7lar\u0131 ve \u00f6\u011freticilerdir. Uyar\u0131: Bu yay\u0131n, g\u00fcncellemeler ve her g\u00fcncelleme ile eklenen ve kald\u0131r\u0131lan \u00f6zellikler nedeniyle herhangi bir zamanda de\u011fi\u015fmeye isteklidir ? Geli\u015ftirici moduna eri\u015fmek i\u00e7in haber ak\u0131\u015f\u0131n\u0131n ana ekran d\u00fc\u011fmesini bas\u0131l\u0131 tutun ve &#8220;H\u0131zl\u0131 Deneme Ayarlar\u0131n\u0131 ... Read more","og_url":"https:\/\/aeroinsta.net\/tr\/gelistirici\/","og_site_name":"AeroInsta - Official Download Page","article_modified_time":"2023-06-10T08:55:04+00:00","og_image":[{"url":"https:\/\/aeroinsta.net\/wp-content\/uploads\/2022\/12\/aero-insta3-893x1024.jpg","type":"","width":"","height":""}],"twitter_card":"summary_large_image","twitter_misc":{"Tahmini okuma s\u00fcresi":"1 dakika"},"schema":{"@context":"https:\/\/schema.org","@graph":[{"@type":"WebPage","@id":"https:\/\/aeroinsta.net\/tr\/gelistirici\/","url":"https:\/\/aeroinsta.net\/tr\/gelistirici\/","name":"Geli\u015ftirici - AeroInsta - Official Download Page","isPartOf":{"@id":"https:\/\/aeroinsta.net\/#website"},"primaryImageOfPage":{"@id":"https:\/\/aeroinsta.net\/tr\/gelistirici\/#primaryimage"},"image":{"@id":"https:\/\/aeroinsta.net\/tr\/gelistirici\/#primaryimage"},"thumbnailUrl":"https:\/\/aeroinsta.net\/wp-content\/uploads\/2022\/12\/aero-insta3-893x1024.jpg","datePublished":"2022-12-09T13:59:45+00:00","dateModified":"2023-06-10T08:55:04+00:00","breadcrumb":{"@id":"https:\/\/aeroinsta.net\/tr\/gelistirici\/#breadcrumb"},"inLanguage":"tr","potentialAction":[{"@type":"ReadAction","target":["https:\/\/aeroinsta.net\/tr\/gelistirici\/"]}]},{"@type":"ImageObject","inLanguage":"tr","@id":"https:\/\/aeroinsta.net\/tr\/gelistirici\/#primaryimage","url":"https:\/\/aeroinsta.net\/wp-content\/uploads\/2022\/12\/aero-insta3-893x1024.jpg","contentUrl":"https:\/\/aeroinsta.net\/wp-content\/uploads\/2022\/12\/aero-insta3-893x1024.jpg"},{"@type":"BreadcrumbList","@id":"https:\/\/aeroinsta.net\/tr\/gelistirici\/#breadcrumb","itemListElement":[{"@type":"ListItem","position":1,"name":"Home","item":"https:\/\/aeroinsta.net\/tr\/"},{"@type":"ListItem","position":2,"name":"Geli\u015ftirici"}]},{"@type":"WebSite","@id":"https:\/\/aeroinsta.net\/#website","url":"https:\/\/aeroinsta.net\/","name":"AeroInsta - Official Website","description":"","publisher":{"@id":"https:\/\/aeroinsta.net\/#\/schema\/person\/a0a722331f324c2a58fdfdef3408ff21"},"potentialAction":[{"@type":"SearchAction","target":{"@type":"EntryPoint","urlTemplate":"https:\/\/aeroinsta.net\/?s={search_term_string}"},"query-input":{"@type":"PropertyValueSpecification","valueRequired":true,"valueName":"search_term_string"}}],"inLanguage":"tr"},{"@type":["Person","Organization"],"@id":"https:\/\/aeroinsta.net\/#\/schema\/person\/a0a722331f324c2a58fdfdef3408ff21","name":"admin","image":{"@type":"ImageObject","inLanguage":"tr","@id":"https:\/\/aeroinsta.net\/wp-content\/uploads\/2023\/01\/aeroinsta.png","url":"https:\/\/aeroinsta.net\/wp-content\/uploads\/2023\/01\/aeroinsta.png","contentUrl":"https:\/\/aeroinsta.net\/wp-content\/uploads\/2023\/01\/aeroinsta.png","width":360,"height":106,"caption":"admin"},"logo":{"@id":"https:\/\/aeroinsta.net\/wp-content\/uploads\/2023\/01\/aeroinsta.png"},"sameAs":["https:\/\/aeroinsta.net"]}]}},"_links":{"self":[{"href":"https:\/\/aeroinsta.net\/tr\/wp-json\/wp\/v2\/pages\/972","targetHints":{"allow":["GET"]}}],"collection":[{"href":"https:\/\/aeroinsta.net\/tr\/wp-json\/wp\/v2\/pages"}],"about":[{"href":"https:\/\/aeroinsta.net\/tr\/wp-json\/wp\/v2\/types\/page"}],"author":[{"embeddable":true,"href":"https:\/\/aeroinsta.net\/tr\/wp-json\/wp\/v2\/users\/1"}],"replies":[{"embeddable":true,"href":"https:\/\/aeroinsta.net\/tr\/wp-json\/wp\/v2\/comments?post=972"}],"version-history":[{"count":0,"href":"https:\/\/aeroinsta.net\/tr\/wp-json\/wp\/v2\/pages\/972\/revisions"}],"wp:attachment":[{"href":"https:\/\/aeroinsta.net\/tr\/wp-json\/wp\/v2\/media?parent=972"}],"curies":[{"name":"wp","href":"https:\/\/api.w.org\/{rel}","templated":true}]}}