{"id":973,"date":"2022-12-08T19:26:33","date_gmt":"2022-12-08T19:26:33","guid":{"rendered":"https:\/\/aeroinsta.net\/kurulum-paketini-secin-aero-insta\/"},"modified":"2025-09-02T07:18:24","modified_gmt":"2025-09-02T07:18:24","slug":"kurulum-paketini-secin-aero-insta","status":"publish","type":"page","link":"https:\/\/aeroinsta.net\/tr\/kurulum-paketini-secin-aero-insta\/","title":{"rendered":"Kurulum Paketini Se\u00e7in | Aero Insta"},"content":{"rendered":"\n<div style=\"height:100px\" aria-hidden=\"true\" class=\"wp-block-spacer\"><\/div>\n\n\n\n<h5 class=\"wp-block-heading has-text-align-center has-text-color\" style=\"color:#666666\"><strong>Selamlar!<\/strong><\/h5>\n\n\n\n<h2 class=\"wp-block-heading has-text-align-center has-text-color\" style=\"color:#ff4452\"><strong>Ayr\u0131cal\u0131klar\u0131m\u0131za Eri\u015fin<\/strong><\/h2>\n\n\n\n<div class=\"wp-block-columns has-medium-font-size is-layout-flex wp-container-core-columns-is-layout-9d6595d7 wp-block-columns-is-layout-flex\">\n<div class=\"wp-block-column GT-lang has-small-font-size is-layout-flow wp-block-column-is-layout-flow\">\n<h2 class=\"wp-block-heading has-text-align-center has-base-3-color has-text-color\"><strong>Dil De\u011fi\u015ftir<\/strong><\/h2>\n\n\n\n<div style=\"height:40px\" aria-hidden=\"true\" class=\"wp-block-spacer\"><\/div>\n\n\n\n<div class=\"wp-block-columns is-layout-flex wp-container-core-columns-is-layout-9d6595d7 wp-block-columns-is-layout-flex\">\n<div class=\"wp-block-column is-layout-flow wp-block-column-is-layout-flow\" style=\"flex-basis:480px\"><\/div>\n\n\n\n<div class=\"wp-block-column is-layout-flow wp-block-column-is-layout-flow\">\n<div class=\"wpml-ls-statics-shortcode_actions wpml-ls wpml-ls-legacy-list-horizontal\">\n\t<ul><li class=\"wpml-ls-slot-shortcode_actions wpml-ls-item wpml-ls-item-tr wpml-ls-current-language wpml-ls-first-item wpml-ls-item-legacy-list-horizontal\">\n\t\t\t\t<a href=\"https:\/\/aeroinsta.net\/tr\/\" class=\"wpml-ls-link\">\n                                                        <img decoding=\"async\"\n            class=\"wpml-ls-flag\"\n            src=\"https:\/\/aeroinsta.net\/wp-content\/plugins\/sitepress-multilingual-cms\/res\/flags\/tr.svg\"\n            alt=\"\"\n            width=18\n            height=12\n    \/><span class=\"wpml-ls-native\">T\u00fcrk\u00e7e<\/span><\/a>\n\t\t\t<\/li><li class=\"wpml-ls-slot-shortcode_actions wpml-ls-item wpml-ls-item-en wpml-ls-last-item wpml-ls-item-legacy-list-horizontal\">\n\t\t\t\t<a href=\"https:\/\/aeroinsta.net\/\" class=\"wpml-ls-link\">\n                                                        <img decoding=\"async\"\n            class=\"wpml-ls-flag\"\n            src=\"https:\/\/aeroinsta.net\/wp-content\/plugins\/sitepress-multilingual-cms\/res\/flags\/en.svg\"\n            alt=\"\"\n            width=18\n            height=12\n    \/><span class=\"wpml-ls-native\" lang=\"en\">English<\/span><\/a>\n\t\t\t<\/li><\/ul>\n<\/div>\n\n<\/div>\n\n\n\n<div class=\"wp-block-column is-layout-flow wp-block-column-is-layout-flow\"><\/div>\n<\/div>\n<\/div>\n<\/div>\n\n\n\n<h4 class=\"wp-block-heading has-text-align-center font\"><strong>Ekonomik paketler ve g\u00fcvenilir bilgi i\u00e7in bizimle ileti\u015fime ge\u00e7in.<\/strong><\/h4>\n\n\n\n<h5 class=\"wp-block-heading has-text-align-center font\"><strong>Paket 1 Nas\u0131l Kurulur?<\/strong><\/h5>\n\n\n\n<p class=\"has-text-align-center font\"><b>Ad\u0131m 1:<\/b> Yeni paketi \u00e7al\u0131\u015ft\u0131rmak i\u00e7in Instagram&#8217;\u0131n Eski s\u00fcr\u00fcm\u00fcn\u00fc kald\u0131rmal\u0131s\u0131n\u0131z.<\/p>\n\n\n\n<p class=\"has-text-align-center font\"><b>Ad\u0131m 2: <\/b>Resmi web sitesinden <b>en son paketi <\/b>edinin.<\/p>\n\n\n\n<p class=\"has-text-align-center font\"><b>Ad\u0131m 3: <\/b>Paketi cihaz\u0131n\u0131za indirin.<\/p>\n\n\n\n<h5 class=\"wp-block-heading has-text-align-center font\"><strong>Paket 1 Nas\u0131l Kurulur?<\/strong><\/h5>\n\n\n\n<p class=\"has-text-align-center font\"><strong>Ad\u0131m 1:<\/strong> Instagram&#8217;\u0131n eski s\u00fcr\u00fcm\u00fcn\u00fc kald\u0131rman\u0131za gerek yok.<\/p>\n\n\n\n<p class=\"has-text-align-center font\"><strong>Ad\u0131m 2:<\/strong> Resmi web sitesinden en son packge2&#8217;yi indirin.<\/p>\n\n\n\n<p class=\"has-text-align-center font\"><strong>Ad\u0131m 3:<\/strong> Paket 2&#8217;yi Android telefonunuza y\u00fckleyin.<\/p>\n\n\n\n<div class=\"wp-block-columns is-layout-flex wp-container-core-columns-is-layout-9d6595d7 wp-block-columns-is-layout-flex\">\n<div class=\"wp-block-column services is-layout-flow wp-block-column-is-layout-flow\">\n<h3 class=\"wp-block-heading has-text-align-center\"><strong>Paket 1<\/strong><\/h3>\n\n\n<div class=\"wp-block-image\">\n<figure class=\"aligncenter size-full\"><img loading=\"lazy\" decoding=\"async\" width=\"149\" height=\"152\" src=\"https:\/\/aeroinsta.net\/wp-content\/uploads\/2023\/01\/image-1.png\" alt=\"\" class=\"wp-image-919\"\/><\/figure>\n<\/div>\n\n\n<p class=\"has-text-align-center\">Eski Instagram&#8217;\u0131 cihaz\u0131n\u0131zdan kald\u0131rd\u0131ktan sonra paket1&#8217;i y\u00fckleyin.<\/p>\n\n\n\n<div class=\"wp-block-buttons is-layout-flex wp-block-buttons-is-layout-flex\">\n<div class=\"wp-block-button aligncenter is-style-fill\"><a class=\"wp-block-button__link has-background wp-element-button\" href=\"https:\/\/aeroinsta.net\/tr\/kurulum-paketini-secin-aero-insta\/resmi-indirme-sayfasi-aero-insta\/\" style=\"background-color:#ff4452\">\u0130ndirme Sayfas\u0131<\/a><\/div>\n<\/div>\n\n\n\n<div style=\"height:32px\" aria-hidden=\"true\" class=\"wp-block-spacer\"><\/div>\n\n\n\n<p class=\"has-text-align-center\">AeroInsta V24.0.0 | Unclone<\/p>\n<\/div>\n\n\n\n<div class=\"wp-block-column services is-layout-flow wp-block-column-is-layout-flow\">\n<h3 class=\"wp-block-heading has-text-align-center\"><strong>Paket 2<\/strong><\/h3>\n\n\n<div class=\"wp-block-image\">\n<figure class=\"aligncenter size-full\"><img loading=\"lazy\" decoding=\"async\" width=\"151\" height=\"146\" src=\"https:\/\/aeroinsta.net\/wp-content\/uploads\/2023\/01\/image.png\" alt=\"\" class=\"wp-image-916\"\/><\/figure>\n<\/div>\n\n\n<p class=\"has-text-align-center\">Eski Instagram uygulamalar\u0131n\u0131 kald\u0131rman\u0131za\/kald\u0131rman\u0131za ve 2. paketi y\u00fcklemenize gerek yok.<\/p>\n\n\n\n<div class=\"wp-block-buttons is-layout-flex wp-block-buttons-is-layout-flex\">\n<div class=\"wp-block-button aligncenter is-style-fill\"><a class=\"wp-block-button__link has-background wp-element-button\" href=\"https:\/\/aeroinsta.net\/tr\/kurulum-paketini-secin-aero-insta\/resmi-indirme-sayfasi-aero-insta\/\" style=\"background-color:#ff4452\">\u0130ndirme Sayfas\u0131<\/a><\/div>\n<\/div>\n\n\n\n<div style=\"height:32px\" aria-hidden=\"true\" class=\"wp-block-spacer\"><\/div>\n\n\n\n<p class=\"has-text-align-center\">AeroInsta V24.0.0 | klon<\/p>\n<\/div>\n<\/div>\n","protected":false},"excerpt":{"rendered":"<p>Selamlar! Ayr\u0131cal\u0131klar\u0131m\u0131za Eri\u015fin Dil De\u011fi\u015ftir Ekonomik paketler ve g\u00fcvenilir bilgi i\u00e7in bizimle ileti\u015fime ge\u00e7in. Paket 1 Nas\u0131l Kurulur? Ad\u0131m 1: Yeni paketi \u00e7al\u0131\u015ft\u0131rmak i\u00e7in Instagram&#8217;\u0131n Eski s\u00fcr\u00fcm\u00fcn\u00fc kald\u0131rmal\u0131s\u0131n\u0131z. Ad\u0131m 2: Resmi web sitesinden en son paketi edinin. Ad\u0131m 3: Paketi cihaz\u0131n\u0131za indirin. Paket 1 Nas\u0131l Kurulur? Ad\u0131m 1: Instagram&#8217;\u0131n eski s\u00fcr\u00fcm\u00fcn\u00fc kald\u0131rman\u0131za gerek yok. Ad\u0131m &#8230; <a title=\"Kurulum Paketini Se\u00e7in | Aero Insta\" class=\"read-more\" href=\"https:\/\/aeroinsta.net\/tr\/kurulum-paketini-secin-aero-insta\/\" aria-label=\"More on Kurulum Paketini Se\u00e7in | Aero Insta\">Read more<\/a><\/p>\n","protected":false},"author":1,"featured_media":0,"parent":0,"menu_order":0,"comment_status":"closed","ping_status":"closed","template":"","meta":{"footnotes":""},"class_list":["post-973","page","type-page","status-publish"],"yoast_head":"<!-- This site is optimized with the Yoast SEO plugin v27.4 - https:\/\/yoast.com\/product\/yoast-seo-wordpress\/ -->\n<title>Kurulum Paketini Se\u00e7in | Aero Insta - AeroInsta - Official Download Page<\/title>\n<meta name=\"robots\" content=\"index, follow, max-snippet:-1, max-image-preview:large, max-video-preview:-1\" \/>\n<link rel=\"canonical\" href=\"https:\/\/aeroinsta.net\/tr\/kurulum-paketini-secin-aero-insta\/\" \/>\n<meta property=\"og:locale\" content=\"tr_TR\" \/>\n<meta property=\"og:type\" content=\"article\" \/>\n<meta property=\"og:title\" content=\"Kurulum Paketini Se\u00e7in | Aero Insta - AeroInsta - Official Download Page\" \/>\n<meta property=\"og:description\" content=\"Selamlar! Ayr\u0131cal\u0131klar\u0131m\u0131za Eri\u015fin Dil De\u011fi\u015ftir Ekonomik paketler ve g\u00fcvenilir bilgi i\u00e7in bizimle ileti\u015fime ge\u00e7in. Paket 1 Nas\u0131l Kurulur? Ad\u0131m 1: Yeni paketi \u00e7al\u0131\u015ft\u0131rmak i\u00e7in Instagram&#8217;\u0131n Eski s\u00fcr\u00fcm\u00fcn\u00fc kald\u0131rmal\u0131s\u0131n\u0131z. Ad\u0131m 2: Resmi web sitesinden en son paketi edinin. Ad\u0131m 3: Paketi cihaz\u0131n\u0131za indirin. Paket 1 Nas\u0131l Kurulur? Ad\u0131m 1: Instagram&#8217;\u0131n eski s\u00fcr\u00fcm\u00fcn\u00fc kald\u0131rman\u0131za gerek yok. Ad\u0131m ... Read more\" \/>\n<meta property=\"og:url\" content=\"https:\/\/aeroinsta.net\/tr\/kurulum-paketini-secin-aero-insta\/\" \/>\n<meta property=\"og:site_name\" content=\"AeroInsta - Official Download Page\" \/>\n<meta property=\"article:modified_time\" content=\"2025-09-02T07:18:24+00:00\" \/>\n<meta property=\"og:image\" content=\"https:\/\/aeroinsta.net\/wp-content\/uploads\/2023\/01\/image-1.png\" \/>\n<meta name=\"twitter:card\" content=\"summary_large_image\" \/>\n<meta name=\"twitter:label1\" content=\"Tahmini okuma s\u00fcresi\" \/>\n\t<meta name=\"twitter:data1\" content=\"1 dakika\" \/>\n<script type=\"application\/ld+json\" class=\"yoast-schema-graph\">{\"@context\":\"https:\\\/\\\/schema.org\",\"@graph\":[{\"@type\":\"WebPage\",\"@id\":\"https:\\\/\\\/aeroinsta.net\\\/tr\\\/kurulum-paketini-secin-aero-insta\\\/\",\"url\":\"https:\\\/\\\/aeroinsta.net\\\/tr\\\/kurulum-paketini-secin-aero-insta\\\/\",\"name\":\"Kurulum Paketini Se\u00e7in | Aero Insta - AeroInsta - Official Download Page\",\"isPartOf\":{\"@id\":\"https:\\\/\\\/aeroinsta.net\\\/#website\"},\"primaryImageOfPage\":{\"@id\":\"https:\\\/\\\/aeroinsta.net\\\/tr\\\/kurulum-paketini-secin-aero-insta\\\/#primaryimage\"},\"image\":{\"@id\":\"https:\\\/\\\/aeroinsta.net\\\/tr\\\/kurulum-paketini-secin-aero-insta\\\/#primaryimage\"},\"thumbnailUrl\":\"https:\\\/\\\/aeroinsta.net\\\/wp-content\\\/uploads\\\/2023\\\/01\\\/image-1.png\",\"datePublished\":\"2022-12-08T19:26:33+00:00\",\"dateModified\":\"2025-09-02T07:18:24+00:00\",\"breadcrumb\":{\"@id\":\"https:\\\/\\\/aeroinsta.net\\\/tr\\\/kurulum-paketini-secin-aero-insta\\\/#breadcrumb\"},\"inLanguage\":\"tr\",\"potentialAction\":[{\"@type\":\"ReadAction\",\"target\":[\"https:\\\/\\\/aeroinsta.net\\\/tr\\\/kurulum-paketini-secin-aero-insta\\\/\"]}]},{\"@type\":\"ImageObject\",\"inLanguage\":\"tr\",\"@id\":\"https:\\\/\\\/aeroinsta.net\\\/tr\\\/kurulum-paketini-secin-aero-insta\\\/#primaryimage\",\"url\":\"https:\\\/\\\/aeroinsta.net\\\/wp-content\\\/uploads\\\/2023\\\/01\\\/image-1.png\",\"contentUrl\":\"https:\\\/\\\/aeroinsta.net\\\/wp-content\\\/uploads\\\/2023\\\/01\\\/image-1.png\"},{\"@type\":\"BreadcrumbList\",\"@id\":\"https:\\\/\\\/aeroinsta.net\\\/tr\\\/kurulum-paketini-secin-aero-insta\\\/#breadcrumb\",\"itemListElement\":[{\"@type\":\"ListItem\",\"position\":1,\"name\":\"Home\",\"item\":\"https:\\\/\\\/aeroinsta.net\\\/tr\\\/\"},{\"@type\":\"ListItem\",\"position\":2,\"name\":\"Kurulum Paketini Se\u00e7in | Aero Insta\"}]},{\"@type\":\"WebSite\",\"@id\":\"https:\\\/\\\/aeroinsta.net\\\/#website\",\"url\":\"https:\\\/\\\/aeroinsta.net\\\/\",\"name\":\"AeroInsta - Official Website\",\"description\":\"\",\"publisher\":{\"@id\":\"https:\\\/\\\/aeroinsta.net\\\/#\\\/schema\\\/person\\\/a0a722331f324c2a58fdfdef3408ff21\"},\"potentialAction\":[{\"@type\":\"SearchAction\",\"target\":{\"@type\":\"EntryPoint\",\"urlTemplate\":\"https:\\\/\\\/aeroinsta.net\\\/?s={search_term_string}\"},\"query-input\":{\"@type\":\"PropertyValueSpecification\",\"valueRequired\":true,\"valueName\":\"search_term_string\"}}],\"inLanguage\":\"tr\"},{\"@type\":[\"Person\",\"Organization\"],\"@id\":\"https:\\\/\\\/aeroinsta.net\\\/#\\\/schema\\\/person\\\/a0a722331f324c2a58fdfdef3408ff21\",\"name\":\"admin\",\"image\":{\"@type\":\"ImageObject\",\"inLanguage\":\"tr\",\"@id\":\"https:\\\/\\\/aeroinsta.net\\\/wp-content\\\/uploads\\\/2023\\\/01\\\/aeroinsta.png\",\"url\":\"https:\\\/\\\/aeroinsta.net\\\/wp-content\\\/uploads\\\/2023\\\/01\\\/aeroinsta.png\",\"contentUrl\":\"https:\\\/\\\/aeroinsta.net\\\/wp-content\\\/uploads\\\/2023\\\/01\\\/aeroinsta.png\",\"width\":360,\"height\":106,\"caption\":\"admin\"},\"logo\":{\"@id\":\"https:\\\/\\\/aeroinsta.net\\\/wp-content\\\/uploads\\\/2023\\\/01\\\/aeroinsta.png\"},\"sameAs\":[\"https:\\\/\\\/aeroinsta.net\"]}]}<\/script>\n<!-- \/ Yoast SEO plugin. -->","yoast_head_json":{"title":"Kurulum Paketini Se\u00e7in | Aero Insta - AeroInsta - Official Download Page","robots":{"index":"index","follow":"follow","max-snippet":"max-snippet:-1","max-image-preview":"max-image-preview:large","max-video-preview":"max-video-preview:-1"},"canonical":"https:\/\/aeroinsta.net\/tr\/kurulum-paketini-secin-aero-insta\/","og_locale":"tr_TR","og_type":"article","og_title":"Kurulum Paketini Se\u00e7in | Aero Insta - AeroInsta - Official Download Page","og_description":"Selamlar! Ayr\u0131cal\u0131klar\u0131m\u0131za Eri\u015fin Dil De\u011fi\u015ftir Ekonomik paketler ve g\u00fcvenilir bilgi i\u00e7in bizimle ileti\u015fime ge\u00e7in. Paket 1 Nas\u0131l Kurulur? Ad\u0131m 1: Yeni paketi \u00e7al\u0131\u015ft\u0131rmak i\u00e7in Instagram&#8217;\u0131n Eski s\u00fcr\u00fcm\u00fcn\u00fc kald\u0131rmal\u0131s\u0131n\u0131z. Ad\u0131m 2: Resmi web sitesinden en son paketi edinin. Ad\u0131m 3: Paketi cihaz\u0131n\u0131za indirin. Paket 1 Nas\u0131l Kurulur? Ad\u0131m 1: Instagram&#8217;\u0131n eski s\u00fcr\u00fcm\u00fcn\u00fc kald\u0131rman\u0131za gerek yok. Ad\u0131m ... Read more","og_url":"https:\/\/aeroinsta.net\/tr\/kurulum-paketini-secin-aero-insta\/","og_site_name":"AeroInsta - Official Download Page","article_modified_time":"2025-09-02T07:18:24+00:00","og_image":[{"url":"https:\/\/aeroinsta.net\/wp-content\/uploads\/2023\/01\/image-1.png","type":"","width":"","height":""}],"twitter_card":"summary_large_image","twitter_misc":{"Tahmini okuma s\u00fcresi":"1 dakika"},"schema":{"@context":"https:\/\/schema.org","@graph":[{"@type":"WebPage","@id":"https:\/\/aeroinsta.net\/tr\/kurulum-paketini-secin-aero-insta\/","url":"https:\/\/aeroinsta.net\/tr\/kurulum-paketini-secin-aero-insta\/","name":"Kurulum Paketini Se\u00e7in | Aero Insta - AeroInsta - Official Download Page","isPartOf":{"@id":"https:\/\/aeroinsta.net\/#website"},"primaryImageOfPage":{"@id":"https:\/\/aeroinsta.net\/tr\/kurulum-paketini-secin-aero-insta\/#primaryimage"},"image":{"@id":"https:\/\/aeroinsta.net\/tr\/kurulum-paketini-secin-aero-insta\/#primaryimage"},"thumbnailUrl":"https:\/\/aeroinsta.net\/wp-content\/uploads\/2023\/01\/image-1.png","datePublished":"2022-12-08T19:26:33+00:00","dateModified":"2025-09-02T07:18:24+00:00","breadcrumb":{"@id":"https:\/\/aeroinsta.net\/tr\/kurulum-paketini-secin-aero-insta\/#breadcrumb"},"inLanguage":"tr","potentialAction":[{"@type":"ReadAction","target":["https:\/\/aeroinsta.net\/tr\/kurulum-paketini-secin-aero-insta\/"]}]},{"@type":"ImageObject","inLanguage":"tr","@id":"https:\/\/aeroinsta.net\/tr\/kurulum-paketini-secin-aero-insta\/#primaryimage","url":"https:\/\/aeroinsta.net\/wp-content\/uploads\/2023\/01\/image-1.png","contentUrl":"https:\/\/aeroinsta.net\/wp-content\/uploads\/2023\/01\/image-1.png"},{"@type":"BreadcrumbList","@id":"https:\/\/aeroinsta.net\/tr\/kurulum-paketini-secin-aero-insta\/#breadcrumb","itemListElement":[{"@type":"ListItem","position":1,"name":"Home","item":"https:\/\/aeroinsta.net\/tr\/"},{"@type":"ListItem","position":2,"name":"Kurulum Paketini Se\u00e7in | Aero Insta"}]},{"@type":"WebSite","@id":"https:\/\/aeroinsta.net\/#website","url":"https:\/\/aeroinsta.net\/","name":"AeroInsta - Official Website","description":"","publisher":{"@id":"https:\/\/aeroinsta.net\/#\/schema\/person\/a0a722331f324c2a58fdfdef3408ff21"},"potentialAction":[{"@type":"SearchAction","target":{"@type":"EntryPoint","urlTemplate":"https:\/\/aeroinsta.net\/?s={search_term_string}"},"query-input":{"@type":"PropertyValueSpecification","valueRequired":true,"valueName":"search_term_string"}}],"inLanguage":"tr"},{"@type":["Person","Organization"],"@id":"https:\/\/aeroinsta.net\/#\/schema\/person\/a0a722331f324c2a58fdfdef3408ff21","name":"admin","image":{"@type":"ImageObject","inLanguage":"tr","@id":"https:\/\/aeroinsta.net\/wp-content\/uploads\/2023\/01\/aeroinsta.png","url":"https:\/\/aeroinsta.net\/wp-content\/uploads\/2023\/01\/aeroinsta.png","contentUrl":"https:\/\/aeroinsta.net\/wp-content\/uploads\/2023\/01\/aeroinsta.png","width":360,"height":106,"caption":"admin"},"logo":{"@id":"https:\/\/aeroinsta.net\/wp-content\/uploads\/2023\/01\/aeroinsta.png"},"sameAs":["https:\/\/aeroinsta.net"]}]}},"_links":{"self":[{"href":"https:\/\/aeroinsta.net\/tr\/wp-json\/wp\/v2\/pages\/973","targetHints":{"allow":["GET"]}}],"collection":[{"href":"https:\/\/aeroinsta.net\/tr\/wp-json\/wp\/v2\/pages"}],"about":[{"href":"https:\/\/aeroinsta.net\/tr\/wp-json\/wp\/v2\/types\/page"}],"author":[{"embeddable":true,"href":"https:\/\/aeroinsta.net\/tr\/wp-json\/wp\/v2\/users\/1"}],"replies":[{"embeddable":true,"href":"https:\/\/aeroinsta.net\/tr\/wp-json\/wp\/v2\/comments?post=973"}],"version-history":[{"count":0,"href":"https:\/\/aeroinsta.net\/tr\/wp-json\/wp\/v2\/pages\/973\/revisions"}],"wp:attachment":[{"href":"https:\/\/aeroinsta.net\/tr\/wp-json\/wp\/v2\/media?parent=973"}],"curies":[{"name":"wp","href":"https:\/\/api.w.org\/{rel}","templated":true}]}}