{"id":980,"date":"2022-12-09T14:40:43","date_gmt":"2022-12-09T14:40:43","guid":{"rendered":"https:\/\/aeroinsta.net\/ozellikler\/"},"modified":"2023-06-10T08:55:11","modified_gmt":"2023-06-10T08:55:11","slug":"ozellikler","status":"publish","type":"page","link":"https:\/\/aeroinsta.net\/tr\/ozellikler\/","title":{"rendered":"\u00d6zellikler"},"content":{"rendered":"\n<div class=\"wp-block-columns is-layout-flex wp-container-core-columns-is-layout-9d6595d7 wp-block-columns-is-layout-flex\">\n<div class=\"wp-block-column has-luminous-dusk-gradient-background has-background is-layout-flow wp-block-column-is-layout-flow\">\n<div style=\"height:100px\" aria-hidden=\"true\" class=\"wp-block-spacer\"><\/div>\n\n\n\n<div class=\"wp-block-columns is-layout-flex wp-container-core-columns-is-layout-9d6595d7 wp-block-columns-is-layout-flex\">\n<div class=\"wp-block-column is-layout-flow wp-block-column-is-layout-flow\" style=\"flex-basis:150px\">\n<div style=\"height:100px\" aria-hidden=\"true\" class=\"wp-block-spacer\"><\/div>\n<\/div>\n\n\n\n<div class=\"wp-block-column has-base-3-background-color has-background is-layout-flow wp-block-column-is-layout-flow\">\n<div style=\"height:51px\" aria-hidden=\"true\" class=\"wp-block-spacer\"><\/div>\n\n\n\n<h2 class=\"has-text-align-center developer wp-block-heading\"><strong>Yak\u0131\u015f\u0131kl\u0131 \u00d6zelliklerimize D\u00f6n\u00fcn!<\/strong><\/h2>\n\n\n\n<p class=\"has-text-align-center developer-txt\"><strong>Burada, a\u015fa\u011f\u0131dakiler gibi baz\u0131 iyi g\u00f6r\u00fcn\u00fcml\u00fc \u00f6zellikler mevcuttur  <\/strong><\/p>\n\n\n\n<p class=\"has-text-align-center developer-txt\"><strong>Veri kopyalay\u0131n, video izleyin ve \u00fccretsiz topluluk.<\/strong><\/p>\n\n\n\n<p class=\"has-text-align-center developer-txt\"><strong>Daha fazla bilgi almak i\u00e7in a\u015fa\u011f\u0131 inin.<\/strong><\/p>\n<\/div>\n\n\n\n<div class=\"wp-block-column is-layout-flow wp-block-column-is-layout-flow\" style=\"flex-basis:150px\">\n<div style=\"height:100px\" aria-hidden=\"true\" class=\"wp-block-spacer\"><\/div>\n<\/div>\n<\/div>\n\n\n\n<div style=\"height:32px\" aria-hidden=\"true\" class=\"wp-block-spacer\"><\/div>\n<\/div>\n<\/div>\n\n<div style=\"height:36px\" aria-hidden=\"true\" class=\"wp-block-spacer\"><\/div>\n\n<div class=\"wp-block-columns is-layout-flex wp-container-core-columns-is-layout-9d6595d7 wp-block-columns-is-layout-flex\">\n<div class=\"wp-block-column is-layout-flow wp-block-column-is-layout-flow\" style=\"flex-basis:170px\">\n<div style=\"height:100px\" aria-hidden=\"true\" class=\"wp-block-spacer\"><\/div>\n<\/div>\n\n\n\n<div class=\"wp-block-column is-layout-flow wp-block-column-is-layout-flow\">\n<h2 class=\"has-text-align-center numbering wp-block-heading\"><strong>01<\/strong><\/h2>\n\n\n\n<h2 class=\"has-text-align-center developer-l wp-block-heading\"><strong>HD Kalitesinde Videolar \u0130ndirin<\/strong><\/h2>\n\n\n\n<p class=\"has-text-align-center developer-txt\">AeroInsta, HD Kalitesinde Resimler, makara videolar, IGTV Videolar\u0131 ve \u015fortlar yapan \u00e7ok say\u0131da piksel i\u00e7eren b\u00fcy\u00fck bir kitapl\u0131kla birlikte gelir.<\/p>\n<\/div>\n\n\n\n<div class=\"wp-block-column is-layout-flow wp-block-column-is-layout-flow\" style=\"flex-basis:170px\">\n<div style=\"height:100px\" aria-hidden=\"true\" class=\"wp-block-spacer\"><\/div>\n<\/div>\n<\/div>\n\n<div class=\"wp-block-columns is-layout-flex wp-container-core-columns-is-layout-9d6595d7 wp-block-columns-is-layout-flex\">\n<div class=\"wp-block-column is-layout-flow wp-block-column-is-layout-flow\" style=\"flex-basis:170px\">\n<div style=\"height:100px\" aria-hidden=\"true\" class=\"wp-block-spacer\"><\/div>\n<\/div>\n\n\n\n<div class=\"wp-block-column is-layout-flow wp-block-column-is-layout-flow\">\n<h2 class=\"has-text-align-center numbering wp-block-heading\"><strong>02<\/strong><\/h2>\n\n\n\n<h2 class=\"has-text-align-center developer-l wp-block-heading\"><strong>Anti-Vir\u00fcs ve \u00dccretsiz Yaz\u0131l\u0131m<\/strong><\/h2>\n\n\n\n<p class=\"has-text-align-center developer-txt\">Vir\u00fcsleri otomatik olarak kald\u0131rma ve hesab\u0131n\u0131z\u0131 herhangi bir maliyet olmadan koruma \u00f6zelli\u011fine sahiptir.<\/p>\n<\/div>\n\n\n\n<div class=\"wp-block-column is-layout-flow wp-block-column-is-layout-flow\" style=\"flex-basis:170px\">\n<div style=\"height:100px\" aria-hidden=\"true\" class=\"wp-block-spacer\"><\/div>\n<\/div>\n<\/div>\n\n<div class=\"wp-block-columns is-layout-flex wp-container-core-columns-is-layout-9d6595d7 wp-block-columns-is-layout-flex\">\n<div class=\"wp-block-column is-layout-flow wp-block-column-is-layout-flow\" style=\"flex-basis:170px\">\n<div style=\"height:100px\" aria-hidden=\"true\" class=\"wp-block-spacer\"><\/div>\n<\/div>\n\n\n\n<div class=\"wp-block-column is-layout-flow wp-block-column-is-layout-flow\">\n<h2 class=\"has-text-align-center numbering wp-block-heading\"><strong>03<\/strong><\/h2>\n\n\n\n<h2 class=\"has-text-align-center developer-l wp-block-heading\"><strong>Takip Edilenler veya Takip\u00e7i Listesini Kontrol Edin<\/strong><\/h2>\n\n\n\n<p class=\"has-text-align-center developer-txt\">Takip listenizde veya takip kutunuzda hangi ki\u015finin oldu\u011funu kolayca bulabilirsiniz.<\/p>\n<\/div>\n\n\n\n<div class=\"wp-block-column is-layout-flow wp-block-column-is-layout-flow\" style=\"flex-basis:170px\">\n<div style=\"height:100px\" aria-hidden=\"true\" class=\"wp-block-spacer\"><\/div>\n<\/div>\n<\/div>\n\n<div class=\"wp-block-columns is-layout-flex wp-container-core-columns-is-layout-9d6595d7 wp-block-columns-is-layout-flex\">\n<div class=\"wp-block-column is-layout-flow wp-block-column-is-layout-flow\" style=\"flex-basis:170px\">\n<div style=\"height:100px\" aria-hidden=\"true\" class=\"wp-block-spacer\"><\/div>\n<\/div>\n\n\n\n<div class=\"wp-block-column is-layout-flow wp-block-column-is-layout-flow\">\n<h2 class=\"has-text-align-center numbering wp-block-heading\"><strong>04<\/strong><\/h2>\n\n\n\n<h2 class=\"has-text-align-center developer-l wp-block-heading\"><strong>Reklamlar Hakk\u0131nda Endi\u015feleniyor musunuz?<\/strong><\/h2>\n\n\n\n<p class=\"has-text-align-center developer-txt\">Gereksiz, can s\u0131k\u0131c\u0131 ve i\u015fe yaramaz reklamlardan hesab\u0131n\u0131zdan kurtulun.<\/p>\n<\/div>\n\n\n\n<div class=\"wp-block-column is-layout-flow wp-block-column-is-layout-flow\" style=\"flex-basis:170px\">\n<div style=\"height:100px\" aria-hidden=\"true\" class=\"wp-block-spacer\"><\/div>\n<\/div>\n<\/div>\n\n<div class=\"wp-block-columns is-layout-flex wp-container-core-columns-is-layout-9d6595d7 wp-block-columns-is-layout-flex\">\n<div class=\"wp-block-column is-layout-flow wp-block-column-is-layout-flow\" style=\"flex-basis:170px\">\n<div style=\"height:100px\" aria-hidden=\"true\" class=\"wp-block-spacer\"><\/div>\n<\/div>\n\n\n\n<div class=\"wp-block-column is-layout-flow wp-block-column-is-layout-flow\">\n<h2 class=\"has-text-align-center numbering wp-block-heading\"><strong>05<\/strong><\/h2>\n\n\n\n<h2 class=\"has-text-align-center developer-l wp-block-heading\"><strong>Biyografi Ekle<\/strong><\/h2>\n\n\n\n<p class=\"has-text-align-center developer-txt\">Sevdikleriniz i\u00e7in ki\u015fisel bilgilerinizi ve biyografinizi ekleyin. Profil resmini de\u011fi\u015ftirmek kolayd\u0131r.<\/p>\n<\/div>\n\n\n\n<div class=\"wp-block-column is-layout-flow wp-block-column-is-layout-flow\" style=\"flex-basis:170px\">\n<div style=\"height:100px\" aria-hidden=\"true\" class=\"wp-block-spacer\"><\/div>\n<\/div>\n<\/div>\n\n<div class=\"wp-block-columns is-layout-flex wp-container-core-columns-is-layout-9d6595d7 wp-block-columns-is-layout-flex\">\n<div class=\"wp-block-column is-layout-flow wp-block-column-is-layout-flow\" style=\"flex-basis:170px\">\n<div style=\"height:100px\" aria-hidden=\"true\" class=\"wp-block-spacer\"><\/div>\n<\/div>\n\n\n\n<div class=\"wp-block-column is-layout-flow wp-block-column-is-layout-flow\">\n<h2 class=\"has-text-align-center numbering wp-block-heading\"><strong>06<\/strong><\/h2>\n\n\n\n<h2 class=\"has-text-align-center developer-l wp-block-heading\"><strong>Sonsuz Temalar<\/strong><\/h2>\n\n\n\n<p class=\"has-text-align-center developer-txt\">\u00c7ok renkli dokunu\u015flara ve harika duvar ka\u011f\u0131tlar\u0131na sahip \u015fa\u015f\u0131rt\u0131c\u0131 temalar rahat\u0131n\u0131z i\u00e7in geliyor.<\/p>\n<\/div>\n\n\n\n<div class=\"wp-block-column is-layout-flow wp-block-column-is-layout-flow\" style=\"flex-basis:170px\">\n<div style=\"height:100px\" aria-hidden=\"true\" class=\"wp-block-spacer\"><\/div>\n<\/div>\n<\/div>\n\n<div class=\"wp-block-columns is-layout-flex wp-container-core-columns-is-layout-9d6595d7 wp-block-columns-is-layout-flex\">\n<div class=\"wp-block-column is-layout-flow wp-block-column-is-layout-flow\" style=\"flex-basis:170px\">\n<div style=\"height:100px\" aria-hidden=\"true\" class=\"wp-block-spacer\"><\/div>\n<\/div>\n\n\n\n<div class=\"wp-block-column is-layout-flow wp-block-column-is-layout-flow\">\n<h2 class=\"has-text-align-center numbering wp-block-heading\"><strong>07<\/strong><\/h2>\n\n\n\n<h2 class=\"has-text-align-center developer-l wp-block-heading\"><strong>G\u00f6r\u00fcnt\u00fcleri Yeniden Boyutland\u0131rma<\/strong><\/h2>\n\n\n\n<p class=\"has-text-align-center developer-txt\">Yak\u0131nla\u015ft\u0131rmak, k\u0131rpmak ve k\u00fc\u00e7\u00fcltmek i\u00e7in g\u00f6r\u00fcnt\u00fc boyutunu de\u011fi\u015ftirme yetene\u011fi.<\/p>\n<\/div>\n\n\n\n<div class=\"wp-block-column is-layout-flow wp-block-column-is-layout-flow\" style=\"flex-basis:170px\">\n<div style=\"height:100px\" aria-hidden=\"true\" class=\"wp-block-spacer\"><\/div>\n<\/div>\n<\/div>\n\n<h2 class=\"has-text-align-center developer-l wp-block-heading\"><strong>Daha Fazlas\u0131 \u0130\u00e7in Uygulamay\u0131 \u015eimdi \u0130ndirin.<\/strong><\/h2>\n\n<div style=\"height:48px\" aria-hidden=\"true\" class=\"wp-block-spacer\"><\/div>\n\n<div class=\"wp-block-buttons is-layout-flex wp-block-buttons-is-layout-flex\">\n<div class=\"wp-block-button aligncenter\"><a class=\"wp-block-button__link wp-element-button\" href=\"https:\/\/aeroinsta.net\/tr\/kurulum-paketini-secin-aero-insta\/\"><strong> <i class=\"icon fa fa-download\" aria-hidden=\"true\"> <\/i>  \u015eimdi \u0130ndirin<\/strong><\/a><\/div>\n<\/div>\n","protected":false},"excerpt":{"rendered":"<p>Yak\u0131\u015f\u0131kl\u0131 \u00d6zelliklerimize D\u00f6n\u00fcn! Burada, a\u015fa\u011f\u0131dakiler gibi baz\u0131 iyi g\u00f6r\u00fcn\u00fcml\u00fc \u00f6zellikler mevcuttur Veri kopyalay\u0131n, video izleyin ve \u00fccretsiz topluluk. Daha fazla bilgi almak i\u00e7in a\u015fa\u011f\u0131 inin. 01 HD Kalitesinde Videolar \u0130ndirin AeroInsta, HD Kalitesinde Resimler, makara videolar, IGTV Videolar\u0131 ve \u015fortlar yapan \u00e7ok say\u0131da piksel i\u00e7eren b\u00fcy\u00fck bir kitapl\u0131kla birlikte gelir. 02 Anti-Vir\u00fcs ve \u00dccretsiz Yaz\u0131l\u0131m &#8230; <a title=\"\u00d6zellikler\" class=\"read-more\" href=\"https:\/\/aeroinsta.net\/tr\/ozellikler\/\" aria-label=\"More on \u00d6zellikler\">Read more<\/a><\/p>\n","protected":false},"author":1,"featured_media":0,"parent":0,"menu_order":0,"comment_status":"closed","ping_status":"closed","template":"","meta":{"footnotes":""},"class_list":["post-980","page","type-page","status-publish"],"yoast_head":"<!-- This site is optimized with the Yoast SEO plugin v27.4 - https:\/\/yoast.com\/product\/yoast-seo-wordpress\/ -->\n<title>\u00d6zellikler - AeroInsta - Official Download Page<\/title>\n<meta name=\"robots\" content=\"index, follow, max-snippet:-1, max-image-preview:large, max-video-preview:-1\" \/>\n<link rel=\"canonical\" href=\"https:\/\/aeroinsta.net\/tr\/ozellikler\/\" \/>\n<meta property=\"og:locale\" content=\"tr_TR\" \/>\n<meta property=\"og:type\" content=\"article\" \/>\n<meta property=\"og:title\" content=\"\u00d6zellikler - AeroInsta - Official Download Page\" \/>\n<meta property=\"og:description\" content=\"Yak\u0131\u015f\u0131kl\u0131 \u00d6zelliklerimize D\u00f6n\u00fcn! Burada, a\u015fa\u011f\u0131dakiler gibi baz\u0131 iyi g\u00f6r\u00fcn\u00fcml\u00fc \u00f6zellikler mevcuttur Veri kopyalay\u0131n, video izleyin ve \u00fccretsiz topluluk. Daha fazla bilgi almak i\u00e7in a\u015fa\u011f\u0131 inin. 01 HD Kalitesinde Videolar \u0130ndirin AeroInsta, HD Kalitesinde Resimler, makara videolar, IGTV Videolar\u0131 ve \u015fortlar yapan \u00e7ok say\u0131da piksel i\u00e7eren b\u00fcy\u00fck bir kitapl\u0131kla birlikte gelir. 02 Anti-Vir\u00fcs ve \u00dccretsiz Yaz\u0131l\u0131m ... Read more\" \/>\n<meta property=\"og:url\" content=\"https:\/\/aeroinsta.net\/tr\/ozellikler\/\" \/>\n<meta property=\"og:site_name\" content=\"AeroInsta - Official Download Page\" \/>\n<meta property=\"article:modified_time\" content=\"2023-06-10T08:55:11+00:00\" \/>\n<meta name=\"twitter:card\" content=\"summary_large_image\" \/>\n<meta name=\"twitter:label1\" content=\"Tahmini okuma s\u00fcresi\" \/>\n\t<meta name=\"twitter:data1\" content=\"1 dakika\" \/>\n<script type=\"application\/ld+json\" class=\"yoast-schema-graph\">{\"@context\":\"https:\\\/\\\/schema.org\",\"@graph\":[{\"@type\":\"WebPage\",\"@id\":\"https:\\\/\\\/aeroinsta.net\\\/tr\\\/ozellikler\\\/\",\"url\":\"https:\\\/\\\/aeroinsta.net\\\/tr\\\/ozellikler\\\/\",\"name\":\"\u00d6zellikler - AeroInsta - Official Download Page\",\"isPartOf\":{\"@id\":\"https:\\\/\\\/aeroinsta.net\\\/#website\"},\"datePublished\":\"2022-12-09T14:40:43+00:00\",\"dateModified\":\"2023-06-10T08:55:11+00:00\",\"breadcrumb\":{\"@id\":\"https:\\\/\\\/aeroinsta.net\\\/tr\\\/ozellikler\\\/#breadcrumb\"},\"inLanguage\":\"tr\",\"potentialAction\":[{\"@type\":\"ReadAction\",\"target\":[\"https:\\\/\\\/aeroinsta.net\\\/tr\\\/ozellikler\\\/\"]}]},{\"@type\":\"BreadcrumbList\",\"@id\":\"https:\\\/\\\/aeroinsta.net\\\/tr\\\/ozellikler\\\/#breadcrumb\",\"itemListElement\":[{\"@type\":\"ListItem\",\"position\":1,\"name\":\"Home\",\"item\":\"https:\\\/\\\/aeroinsta.net\\\/tr\\\/\"},{\"@type\":\"ListItem\",\"position\":2,\"name\":\"\u00d6zellikler\"}]},{\"@type\":\"WebSite\",\"@id\":\"https:\\\/\\\/aeroinsta.net\\\/#website\",\"url\":\"https:\\\/\\\/aeroinsta.net\\\/\",\"name\":\"AeroInsta - Official Website\",\"description\":\"\",\"publisher\":{\"@id\":\"https:\\\/\\\/aeroinsta.net\\\/#\\\/schema\\\/person\\\/a0a722331f324c2a58fdfdef3408ff21\"},\"potentialAction\":[{\"@type\":\"SearchAction\",\"target\":{\"@type\":\"EntryPoint\",\"urlTemplate\":\"https:\\\/\\\/aeroinsta.net\\\/?s={search_term_string}\"},\"query-input\":{\"@type\":\"PropertyValueSpecification\",\"valueRequired\":true,\"valueName\":\"search_term_string\"}}],\"inLanguage\":\"tr\"},{\"@type\":[\"Person\",\"Organization\"],\"@id\":\"https:\\\/\\\/aeroinsta.net\\\/#\\\/schema\\\/person\\\/a0a722331f324c2a58fdfdef3408ff21\",\"name\":\"admin\",\"image\":{\"@type\":\"ImageObject\",\"inLanguage\":\"tr\",\"@id\":\"https:\\\/\\\/aeroinsta.net\\\/wp-content\\\/uploads\\\/2023\\\/01\\\/aeroinsta.png\",\"url\":\"https:\\\/\\\/aeroinsta.net\\\/wp-content\\\/uploads\\\/2023\\\/01\\\/aeroinsta.png\",\"contentUrl\":\"https:\\\/\\\/aeroinsta.net\\\/wp-content\\\/uploads\\\/2023\\\/01\\\/aeroinsta.png\",\"width\":360,\"height\":106,\"caption\":\"admin\"},\"logo\":{\"@id\":\"https:\\\/\\\/aeroinsta.net\\\/wp-content\\\/uploads\\\/2023\\\/01\\\/aeroinsta.png\"},\"sameAs\":[\"https:\\\/\\\/aeroinsta.net\"]}]}<\/script>\n<!-- \/ Yoast SEO plugin. -->","yoast_head_json":{"title":"\u00d6zellikler - AeroInsta - Official Download Page","robots":{"index":"index","follow":"follow","max-snippet":"max-snippet:-1","max-image-preview":"max-image-preview:large","max-video-preview":"max-video-preview:-1"},"canonical":"https:\/\/aeroinsta.net\/tr\/ozellikler\/","og_locale":"tr_TR","og_type":"article","og_title":"\u00d6zellikler - AeroInsta - Official Download Page","og_description":"Yak\u0131\u015f\u0131kl\u0131 \u00d6zelliklerimize D\u00f6n\u00fcn! Burada, a\u015fa\u011f\u0131dakiler gibi baz\u0131 iyi g\u00f6r\u00fcn\u00fcml\u00fc \u00f6zellikler mevcuttur Veri kopyalay\u0131n, video izleyin ve \u00fccretsiz topluluk. Daha fazla bilgi almak i\u00e7in a\u015fa\u011f\u0131 inin. 01 HD Kalitesinde Videolar \u0130ndirin AeroInsta, HD Kalitesinde Resimler, makara videolar, IGTV Videolar\u0131 ve \u015fortlar yapan \u00e7ok say\u0131da piksel i\u00e7eren b\u00fcy\u00fck bir kitapl\u0131kla birlikte gelir. 02 Anti-Vir\u00fcs ve \u00dccretsiz Yaz\u0131l\u0131m ... Read more","og_url":"https:\/\/aeroinsta.net\/tr\/ozellikler\/","og_site_name":"AeroInsta - Official Download Page","article_modified_time":"2023-06-10T08:55:11+00:00","twitter_card":"summary_large_image","twitter_misc":{"Tahmini okuma s\u00fcresi":"1 dakika"},"schema":{"@context":"https:\/\/schema.org","@graph":[{"@type":"WebPage","@id":"https:\/\/aeroinsta.net\/tr\/ozellikler\/","url":"https:\/\/aeroinsta.net\/tr\/ozellikler\/","name":"\u00d6zellikler - AeroInsta - Official Download Page","isPartOf":{"@id":"https:\/\/aeroinsta.net\/#website"},"datePublished":"2022-12-09T14:40:43+00:00","dateModified":"2023-06-10T08:55:11+00:00","breadcrumb":{"@id":"https:\/\/aeroinsta.net\/tr\/ozellikler\/#breadcrumb"},"inLanguage":"tr","potentialAction":[{"@type":"ReadAction","target":["https:\/\/aeroinsta.net\/tr\/ozellikler\/"]}]},{"@type":"BreadcrumbList","@id":"https:\/\/aeroinsta.net\/tr\/ozellikler\/#breadcrumb","itemListElement":[{"@type":"ListItem","position":1,"name":"Home","item":"https:\/\/aeroinsta.net\/tr\/"},{"@type":"ListItem","position":2,"name":"\u00d6zellikler"}]},{"@type":"WebSite","@id":"https:\/\/aeroinsta.net\/#website","url":"https:\/\/aeroinsta.net\/","name":"AeroInsta - Official Website","description":"","publisher":{"@id":"https:\/\/aeroinsta.net\/#\/schema\/person\/a0a722331f324c2a58fdfdef3408ff21"},"potentialAction":[{"@type":"SearchAction","target":{"@type":"EntryPoint","urlTemplate":"https:\/\/aeroinsta.net\/?s={search_term_string}"},"query-input":{"@type":"PropertyValueSpecification","valueRequired":true,"valueName":"search_term_string"}}],"inLanguage":"tr"},{"@type":["Person","Organization"],"@id":"https:\/\/aeroinsta.net\/#\/schema\/person\/a0a722331f324c2a58fdfdef3408ff21","name":"admin","image":{"@type":"ImageObject","inLanguage":"tr","@id":"https:\/\/aeroinsta.net\/wp-content\/uploads\/2023\/01\/aeroinsta.png","url":"https:\/\/aeroinsta.net\/wp-content\/uploads\/2023\/01\/aeroinsta.png","contentUrl":"https:\/\/aeroinsta.net\/wp-content\/uploads\/2023\/01\/aeroinsta.png","width":360,"height":106,"caption":"admin"},"logo":{"@id":"https:\/\/aeroinsta.net\/wp-content\/uploads\/2023\/01\/aeroinsta.png"},"sameAs":["https:\/\/aeroinsta.net"]}]}},"_links":{"self":[{"href":"https:\/\/aeroinsta.net\/tr\/wp-json\/wp\/v2\/pages\/980","targetHints":{"allow":["GET"]}}],"collection":[{"href":"https:\/\/aeroinsta.net\/tr\/wp-json\/wp\/v2\/pages"}],"about":[{"href":"https:\/\/aeroinsta.net\/tr\/wp-json\/wp\/v2\/types\/page"}],"author":[{"embeddable":true,"href":"https:\/\/aeroinsta.net\/tr\/wp-json\/wp\/v2\/users\/1"}],"replies":[{"embeddable":true,"href":"https:\/\/aeroinsta.net\/tr\/wp-json\/wp\/v2\/comments?post=980"}],"version-history":[{"count":0,"href":"https:\/\/aeroinsta.net\/tr\/wp-json\/wp\/v2\/pages\/980\/revisions"}],"wp:attachment":[{"href":"https:\/\/aeroinsta.net\/tr\/wp-json\/wp\/v2\/media?parent=980"}],"curies":[{"name":"wp","href":"https:\/\/api.w.org\/{rel}","templated":true}]}}